{"id":147,"date":"2018-06-05T18:21:19","date_gmt":"2018-06-05T16:21:19","guid":{"rendered":"http:\/\/guide-strasbourg.de\/?page_id=147"},"modified":"2018-06-05T18:21:44","modified_gmt":"2018-06-05T16:21:44","slug":"moderne-kunst-museum","status":"publish","type":"page","link":"https:\/\/guide-strasbourg.de\/en\/moderne-kunst-museum\/","title":{"rendered":"Moderne Kunst Museum"},"content":{"rendered":"<h3><span class=\"ff2 fc0 fs12 fb \">Museum f\u00fcr moderne und zeitgen\u00f6ssische Kunst<br \/>\n(Mus\u00e9e d\u2019Art Moderne et Contemporain)<\/span><\/h3>\n<p><strong><span class=\"ff2 fc0 fs12 fu \">Kurzbeschreibung:<\/span><\/strong><\/p>\n<p><span class=\"ff2 fc0 fs12 \"><img loading=\"lazy\" decoding=\"async\" class=\"alignright size-full wp-image-148\" src=\"https:\/\/guide-strasbourg.de\/wp-content\/uploads\/2018\/06\/p011_1_01.jpg\" alt=\"\" width=\"207\" height=\"155\" srcset=\"https:\/\/guide-strasbourg.de\/wp-content\/uploads\/2018\/06\/p011_1_01.jpg 207w, https:\/\/guide-strasbourg.de\/wp-content\/uploads\/2018\/06\/p011_1_01-90x67.jpg 90w\" sizes=\"auto, (max-width: 207px) 100vw, 207px\" \/>Das Museum beherbergt umfangreiche Sammlungen von Malerei, Plastik, Grafik, Videokunst und Design aus der Zeit von 1870 (Impressionismus) bis heute, sowie eine reich best\u00fcckte Photothek; insgesamt \u00fcber 18.000 Gegenst\u00e4nde. Es veranstaltet j\u00e4hrlich zahlreiche Ausstellungen, die entweder der Werkschau eines bestimmten K\u00fcnstlers oder der Retrospektive einer Str\u00f6mung gewidmet sind.<\/span><\/p>\n<p><span class=\"ff2 fc0 fs12 \"><img loading=\"lazy\" decoding=\"async\" class=\"alignleft size-full wp-image-149\" src=\"https:\/\/guide-strasbourg.de\/wp-content\/uploads\/2018\/06\/p011_1_00.jpg\" alt=\"\" width=\"207\" height=\"116\" srcset=\"https:\/\/guide-strasbourg.de\/wp-content\/uploads\/2018\/06\/p011_1_00.jpg 207w, https:\/\/guide-strasbourg.de\/wp-content\/uploads\/2018\/06\/p011_1_00-90x50.jpg 90w\" sizes=\"auto, (max-width: 207px) 100vw, 207px\" \/>Schwerpunkte der Sammlung sind die Werke von Gustave Dor\u00e9 (369 Werke: Gem\u00e4lde, Grafik und Skulpturen), Hans Arp (53 Werke: Skulpturen, Grafik und Buntglasfenster), Victor Brauner (37 Werke: Gem\u00e4lde, Grafik und eine Skulptur) und C\u00e9sar Domela (10 Werke). Einen weitereren Akzent setzt die neuere und neue deutsche Malerei<\/span>.<\/p>\n<p><span class=\"ff2 fc0 fs12 \"><img loading=\"lazy\" decoding=\"async\" class=\"alignright size-full wp-image-150\" src=\"https:\/\/guide-strasbourg.de\/wp-content\/uploads\/2018\/06\/p011_1_02.jpg\" alt=\"\" width=\"207\" height=\"117\" srcset=\"https:\/\/guide-strasbourg.de\/wp-content\/uploads\/2018\/06\/p011_1_02.jpg 207w, https:\/\/guide-strasbourg.de\/wp-content\/uploads\/2018\/06\/p011_1_02-90x51.jpg 90w\" sizes=\"auto, (max-width: 207px) 100vw, 207px\" \/>Im Geb\u00e4ude befinden sich ebenfalls die Kunstbibliothek der st\u00e4dtischen Museen (Biblioth\u00e8que d&#8217;art des mus\u00e9es municipaux), die Kunstbuchhandlung der st\u00e4dtischen Museen (Librairie d&#8217;art des mus\u00e9es municipaux) sowie ein Mehrzwecksaal (Auditorium) f\u00fcr Konferenzen, Filmvorf\u00fchrungen und Konzerte. Die weitl\u00e4ufige Dachterrasse beherbergt ein Museumscaf\u00e9.<\/span><\/p>\n<p><span class=\"ff2 fc0 fs12 \">(Textausz\u00fcge von <\/span><span class=\"ff3 fc0 fs13 \">\u00a9<\/span> <span class=\"ff2 fc0 fs12 \">www.wikipedia.org)<\/span><\/p>\n","protected":false},"excerpt":{"rendered":"<p>Museum f\u00fcr moderne und zeitgen\u00f6ssische Kunst (Mus\u00e9e d\u2019Art Moderne et Contemporain) Kurzbeschreibung: Das Museum beherbergt umfangreiche Sammlungen von Malerei, Plastik, Grafik, Videokunst und Design aus der Zeit von 1870 (Impressionismus) bis heute, sowie eine reich best\u00fcckte Photothek; insgesamt \u00fcber 18.000 &#8230; <a class=\"styledbutton\" href=\"https:\/\/guide-strasbourg.de\/en\/moderne-kunst-museum\/\">Read More<\/a><\/p>\n","protected":false},"author":3,"featured_media":0,"parent":0,"menu_order":0,"comment_status":"closed","ping_status":"closed","template":"","meta":{"footnotes":""},"class_list":["post-147","page","type-page","status-publish","hentry"],"translation":{"provider":"WPGlobus","version":"3.0.1","language":"en","enabled_languages":["de","en","fr","es"],"languages":{"de":{"title":true,"content":true,"excerpt":false},"en":{"title":false,"content":false,"excerpt":false},"fr":{"title":false,"content":false,"excerpt":false},"es":{"title":false,"content":false,"excerpt":false}}},"aioseo_notices":[],"_links":{"self":[{"href":"https:\/\/guide-strasbourg.de\/en\/wp-json\/wp\/v2\/pages\/147","targetHints":{"allow":["GET"]}}],"collection":[{"href":"https:\/\/guide-strasbourg.de\/en\/wp-json\/wp\/v2\/pages"}],"about":[{"href":"https:\/\/guide-strasbourg.de\/en\/wp-json\/wp\/v2\/types\/page"}],"author":[{"embeddable":true,"href":"https:\/\/guide-strasbourg.de\/en\/wp-json\/wp\/v2\/users\/3"}],"replies":[{"embeddable":true,"href":"https:\/\/guide-strasbourg.de\/en\/wp-json\/wp\/v2\/comments?post=147"}],"version-history":[{"count":1,"href":"https:\/\/guide-strasbourg.de\/en\/wp-json\/wp\/v2\/pages\/147\/revisions"}],"predecessor-version":[{"id":759,"href":"https:\/\/guide-strasbourg.de\/en\/wp-json\/wp\/v2\/pages\/147\/revisions\/759"}],"wp:attachment":[{"href":"https:\/\/guide-strasbourg.de\/en\/wp-json\/wp\/v2\/media?parent=147"}],"curies":[{"name":"wp","href":"https:\/\/api.w.org\/{rel}","templated":true}]}}