{"id":174,"date":"2018-06-05T18:31:55","date_gmt":"2018-06-05T16:31:55","guid":{"rendered":"http:\/\/guide-strasbourg.de\/?page_id=174"},"modified":"2018-06-05T18:31:55","modified_gmt":"2018-06-05T16:31:55","slug":"historisches-museum","status":"publish","type":"page","link":"https:\/\/guide-strasbourg.de\/en\/historisches-museum\/","title":{"rendered":"Historisches Museum"},"content":{"rendered":"<p><strong>Kurzbeschreibung:<\/strong><\/p>\n<p>Das Historische Museum befindet sich seit 1920 in der Gro\u00dfen Metzig, den ehemaligen Stra\u00dfburger Schlachth\u00f6fen (1587). Eine umfangreiche Sammlung von Modellen, darunter das aus dem Jahr 1727 stammende gro\u00dfe Stadtmodell im Ma\u00dfstab 1:600, Gem\u00e4lden, Zeichnungen, Waffen, Uniformen und Alltagsgegenst\u00e4nden gibt einen ausf\u00fchrlichen \u00dcberblick \u00fcber die politischen, wirtschaftlichen, sozialen und kulturellen Aspekte der Stra\u00dfburger Stadtgeschichte.<\/p>\n<p>Gro\u00dfe historische Ereignisse und bedeutende M\u00e4nner, wie General Kl\u00e9ber, finden ebenso Erw\u00e4hnung wie das Leben der Stra\u00dfburger Bev\u00f6lkerung (Trachten, M\u00f6bel usw.), w\u00e4hrend arch\u00e4ologische Exponate die fr\u00fcheren Jahrhunderte der Stadtgeschichte veranschaulichen. Nach der Renovierung des Museums wurde der erste Abschnitt im Juni 2007 \u00fcbergeben. Mit einem g\u00e4nzlich neu gestalteten Ausstellungsdesign f\u00fchrt er in die Stra\u00dfburger Geschichte vom Mittelalter bis zur Franz\u00f6sischen Revolution ein. Der zweite Teil befindet sich in Vorbreitung und wird bis in die Gegenwart reichen.<\/p>\n<p>(Textausz\u00fcge von \u00a9 www.musees.strasbourg.eu)<\/p>\n","protected":false},"excerpt":{"rendered":"<p>Kurzbeschreibung: Das Historische Museum befindet sich seit 1920 in der Gro\u00dfen Metzig, den ehemaligen Stra\u00dfburger Schlachth\u00f6fen (1587). Eine umfangreiche Sammlung von Modellen, darunter das aus dem Jahr 1727 stammende gro\u00dfe Stadtmodell im Ma\u00dfstab 1:600, Gem\u00e4lden, Zeichnungen, Waffen, Uniformen und Alltagsgegenst\u00e4nden &#8230; <a class=\"styledbutton\" href=\"https:\/\/guide-strasbourg.de\/en\/historisches-museum\/\">Read More<\/a><\/p>\n","protected":false},"author":3,"featured_media":0,"parent":0,"menu_order":0,"comment_status":"closed","ping_status":"closed","template":"","meta":{"footnotes":""},"class_list":["post-174","page","type-page","status-publish","hentry"],"translation":{"provider":"WPGlobus","version":"3.0.1","language":"en","enabled_languages":["de","en","fr","es"],"languages":{"de":{"title":true,"content":true,"excerpt":false},"en":{"title":false,"content":false,"excerpt":false},"fr":{"title":false,"content":false,"excerpt":false},"es":{"title":false,"content":false,"excerpt":false}}},"aioseo_notices":[],"_links":{"self":[{"href":"https:\/\/guide-strasbourg.de\/en\/wp-json\/wp\/v2\/pages\/174","targetHints":{"allow":["GET"]}}],"collection":[{"href":"https:\/\/guide-strasbourg.de\/en\/wp-json\/wp\/v2\/pages"}],"about":[{"href":"https:\/\/guide-strasbourg.de\/en\/wp-json\/wp\/v2\/types\/page"}],"author":[{"embeddable":true,"href":"https:\/\/guide-strasbourg.de\/en\/wp-json\/wp\/v2\/users\/3"}],"replies":[{"embeddable":true,"href":"https:\/\/guide-strasbourg.de\/en\/wp-json\/wp\/v2\/comments?post=174"}],"version-history":[{"count":0,"href":"https:\/\/guide-strasbourg.de\/en\/wp-json\/wp\/v2\/pages\/174\/revisions"}],"wp:attachment":[{"href":"https:\/\/guide-strasbourg.de\/en\/wp-json\/wp\/v2\/media?parent=174"}],"curies":[{"name":"wp","href":"https:\/\/api.w.org\/{rel}","templated":true}]}}