{"id":119,"date":"2018-06-05T17:34:32","date_gmt":"2018-06-05T15:34:32","guid":{"rendered":"http:\/\/guide-strasbourg.de\/?page_id=119"},"modified":"2021-03-12T16:58:55","modified_gmt":"2021-03-12T15:58:55","slug":"colmar","status":"publish","type":"page","link":"https:\/\/guide-strasbourg.de\/es\/colmar\/","title":{"rendered":"Colmar"},"content":{"rendered":"\n\t\t<style type=\"text\/css\">\n\t\t\t#gallery-1 {\n\t\t\t\tmargin: auto;\n\t\t\t}\n\t\t\t#gallery-1 .gallery-item {\n\t\t\t\tfloat: left;\n\t\t\t\tmargin-top: 10px;\n\t\t\t\ttext-align: center;\n\t\t\t\twidth: 50%;\n\t\t\t}\n\t\t\t#gallery-1 img {\n\t\t\t\tborder: 2px solid #cfcfcf;\n\t\t\t}\n\t\t\t#gallery-1 .gallery-caption {\n\t\t\t\tmargin-left: 0;\n\t\t\t}\n\t\t\t\/* see gallery_shortcode() in wp-includes\/media.php *\/\n\t\t<\/style>\n\t\t<div id='gallery-1' class='gallery galleryid-119 gallery-columns-2 gallery-size-large'><dl class='gallery-item'>\n\t\t\t<dt class='gallery-icon landscape'>\n\t\t\t\t<a href='https:\/\/guide-strasbourg.de\/wp-content\/uploads\/2018\/06\/colmar-1725472_640.jpg'><img loading=\"lazy\" decoding=\"async\" width=\"640\" height=\"426\" src=\"https:\/\/guide-strasbourg.de\/wp-content\/uploads\/2018\/06\/colmar-1725472_640.jpg\" class=\"attachment-large size-large\" alt=\"\" srcset=\"https:\/\/guide-strasbourg.de\/wp-content\/uploads\/2018\/06\/colmar-1725472_640.jpg 640w, https:\/\/guide-strasbourg.de\/wp-content\/uploads\/2018\/06\/colmar-1725472_640-300x200.jpg 300w, https:\/\/guide-strasbourg.de\/wp-content\/uploads\/2018\/06\/colmar-1725472_640-220x146.jpg 220w, https:\/\/guide-strasbourg.de\/wp-content\/uploads\/2018\/06\/colmar-1725472_640-355x236.jpg 355w, https:\/\/guide-strasbourg.de\/wp-content\/uploads\/2018\/06\/colmar-1725472_640-90x60.jpg 90w\" sizes=\"auto, (max-width: 640px) 100vw, 640px\" \/><\/a>\n\t\t\t<\/dt><\/dl><dl class='gallery-item'>\n\t\t\t<dt class='gallery-icon landscape'>\n\t\t\t\t<a href='https:\/\/guide-strasbourg.de\/wp-content\/uploads\/2018\/06\/colmar-2779599_640.jpg'><img loading=\"lazy\" decoding=\"async\" width=\"640\" height=\"425\" src=\"https:\/\/guide-strasbourg.de\/wp-content\/uploads\/2018\/06\/colmar-2779599_640.jpg\" class=\"attachment-large size-large\" alt=\"\" srcset=\"https:\/\/guide-strasbourg.de\/wp-content\/uploads\/2018\/06\/colmar-2779599_640.jpg 640w, https:\/\/guide-strasbourg.de\/wp-content\/uploads\/2018\/06\/colmar-2779599_640-300x199.jpg 300w, https:\/\/guide-strasbourg.de\/wp-content\/uploads\/2018\/06\/colmar-2779599_640-220x146.jpg 220w, https:\/\/guide-strasbourg.de\/wp-content\/uploads\/2018\/06\/colmar-2779599_640-355x236.jpg 355w, https:\/\/guide-strasbourg.de\/wp-content\/uploads\/2018\/06\/colmar-2779599_640-90x60.jpg 90w\" sizes=\"auto, (max-width: 640px) 100vw, 640px\" \/><\/a>\n\t\t\t<\/dt><\/dl><br style=\"clear: both\" \/>\n\t\t<\/div>\n\n<p>Colmar se sit\u00faa en el centro de la zona vin\u00edcola de Alsacia. La ciudad es conocida por su arquitectura bien conservada, as\u00ed como sus museos. Colmar es la ciudad natal de artistas famosos como Martin Schongauer, Auguste Bartholdi y Hansi.<\/p>\n<p>Propongo visitas guiadas de la ciudad en espa\u00f1ol, franc\u00e9s, alem\u00e1n o en ingl\u00e9s.<br \/>\nLas visitas guiadas se pueden hacer a pie y con su bicicleta.<\/p>\n<p><strong>Visitas guiadas tradicionales de Colmar<\/strong><\/p>\n<ul>\n<li>Casco hist\u00f3rico: Peque\u00f1a Venecia, Koifhus, Estatua de Bartholdi, etc.<\/li>\n<li>Iglesia San Martin<\/li>\n<li>Neustadt: barrio nuevo 1871-1918<\/li>\n<\/ul>\n<p><strong>Visitas tem\u00e1ticas de Colmar<\/strong><\/p>\n<ul>\n<li>Personalidades famosas: siguiendo los pasos de Auguste Bartholdi<\/li>\n<li>Arquitectura: g\u00f3tica, renacentista, edificios franceses del siglo XVIII.<\/li>\n<li>Tradiciones navide\u00f1as: mercados de Navidad.<\/li>\n<li>Las Corporaciones en Colmar<\/li>\n<\/ul>\n<p><strong>Visitas guiadas en museos<\/strong><\/p>\n<p>Para visitas guiadas en los museos de Colmar y las exposiciones temporales,<br \/>\nhaga <a href=\"https:\/\/guide-strasbourg.de\/es\/colmar-2\/\">clic aqu\u00ed<\/a>.<\/p>\n<p><strong>Descargar: mapa de Colmar<\/strong><br \/>\n(Puesto a disposici\u00f3n por la Oficina de Turismo de Colmar)<\/p>\n<div class=\"ead-preview\"><div class=\"ead-document\" style=\"position: relative;padding-top: 90%;\"><div class=\"ead-iframe-wrapper\"><iframe src=\"\/\/docs.google.com\/viewer?url=https%3A%2F%2Fguide-strasbourg.de%2Fwp-content%2Fuploads%2F2018%2F06%2Fstadtplan_colmar.pdf&amp;embedded=true&amp;hl=en\" title=\"Documento incrustado\" class=\"ead-iframe\" style=\"width: 100%;height: 100%;border: none;position: absolute;left: 0;top: 0;visibility: hidden;\"><\/iframe><\/div>\t\t\t<div class=\"ead-document-loading\" style=\"width:100%;height:100%;position:absolute;left:0;top:0;z-index:10;\">\n\t\t\t\t<div class=\"ead-loading-wrap\">\n\t\t\t\t\t<div class=\"ead-loading-main\">\n\t\t\t\t\t\t<div class=\"ead-loading\">\n\t\t\t\t\t\t\t<img loading=\"lazy\" decoding=\"async\" src=\"https:\/\/guide-strasbourg.de\/wp-content\/plugins\/embed-any-document\/images\/loading.svg\" width=\"55\" height=\"55\" alt=\"Cargador\">\n\t\t\t\t\t\t\t<span>Cargando...<\/span>\n\t\t\t\t\t\t<\/div>\n\t\t\t\t\t<\/div>\n\t\t\t\t\t<div class=\"ead-loading-foot\">\n\t\t\t\t\t\t<div class=\"ead-loading-foot-title\">\n\t\t\t\t\t\t\t<img loading=\"lazy\" decoding=\"async\" src=\"https:\/\/guide-strasbourg.de\/wp-content\/plugins\/embed-any-document\/images\/EAD-logo.svg\" alt=\"Logotipo de EAD\" width=\"36\" height=\"23\"\/>\n\t\t\t\t\t\t\t<span>\u00bfTarda demasiado?<\/span>\n\t\t\t\t\t\t<\/div>\n\t\t\t\t\t\t<p>\n\t\t\t\t\t\t\t<div class=\"ead-document-btn ead-reload-btn\" role=\"button\">\n\t\t\t\t\t\t\t\t<img loading=\"lazy\" decoding=\"async\" src=\"https:\/\/guide-strasbourg.de\/wp-content\/plugins\/embed-any-document\/images\/reload.svg\" alt=\"Recargar\" width=\"12\" height=\"12\"\/> Recargar el documento\t\t\t\t\t\t\t<\/div>\n\t\t\t\t\t\t\t<span>|<\/span>\n\t\t\t\t\t\t\t<a href=\"https:\/\/guide-strasbourg.de\/wp-content\/uploads\/2018\/06\/stadtplan_colmar.pdf\" class=\"ead-document-btn\" target=\"_blank\">\n\t\t\t\t\t\t\t\t<img loading=\"lazy\" decoding=\"async\" src=\"https:\/\/guide-strasbourg.de\/wp-content\/plugins\/embed-any-document\/images\/open.svg\" alt=\"Abrir\" width=\"12\" height=\"12\"\/> Abrir en una nueva pesta\u00f1a\t\t\t\t\t\t\t<\/a>\n\t\t\t\t\t<\/div>\n\t\t\t\t<\/div>\n\t\t\t<\/div>\n\t\t<\/div><p class=\"embed_download\"><a href=\"https:\/\/guide-strasbourg.de\/wp-content\/uploads\/2018\/06\/stadtplan_colmar.pdf\" download>Download [640.46 KB] <\/a><\/p><\/div>\n","protected":false},"excerpt":{"rendered":"<p>Colmar se sit\u00faa en el centro de la zona vin\u00edcola de Alsacia. La ciudad es conocida por su arquitectura bien conservada, as\u00ed como sus museos. Colmar es la ciudad natal de artistas famosos como Martin Schongauer, Auguste Bartholdi y Hansi. &#8230; <a class=\"styledbutton\" href=\"https:\/\/guide-strasbourg.de\/es\/colmar\/\">Read More<\/a><\/p>\n","protected":false},"author":3,"featured_media":0,"parent":0,"menu_order":0,"comment_status":"closed","ping_status":"closed","template":"","meta":{"footnotes":""},"class_list":["post-119","page","type-page","status-publish","hentry"],"translation":{"provider":"WPGlobus","version":"3.0.1","language":"es","enabled_languages":["de","en","fr","es"],"languages":{"de":{"title":true,"content":true,"excerpt":false},"en":{"title":true,"content":true,"excerpt":false},"fr":{"title":true,"content":true,"excerpt":false},"es":{"title":true,"content":true,"excerpt":false}}},"aioseo_notices":[],"_links":{"self":[{"href":"https:\/\/guide-strasbourg.de\/es\/wp-json\/wp\/v2\/pages\/119","targetHints":{"allow":["GET"]}}],"collection":[{"href":"https:\/\/guide-strasbourg.de\/es\/wp-json\/wp\/v2\/pages"}],"about":[{"href":"https:\/\/guide-strasbourg.de\/es\/wp-json\/wp\/v2\/types\/page"}],"author":[{"embeddable":true,"href":"https:\/\/guide-strasbourg.de\/es\/wp-json\/wp\/v2\/users\/3"}],"replies":[{"embeddable":true,"href":"https:\/\/guide-strasbourg.de\/es\/wp-json\/wp\/v2\/comments?post=119"}],"version-history":[{"count":4,"href":"https:\/\/guide-strasbourg.de\/es\/wp-json\/wp\/v2\/pages\/119\/revisions"}],"predecessor-version":[{"id":1017,"href":"https:\/\/guide-strasbourg.de\/es\/wp-json\/wp\/v2\/pages\/119\/revisions\/1017"}],"wp:attachment":[{"href":"https:\/\/guide-strasbourg.de\/es\/wp-json\/wp\/v2\/media?parent=119"}],"curies":[{"name":"wp","href":"https:\/\/api.w.org\/{rel}","templated":true}]}}