{"id":129,"date":"2018-06-05T17:49:51","date_gmt":"2018-06-05T15:49:51","guid":{"rendered":"http:\/\/guide-strasbourg.de\/?page_id=129"},"modified":"2025-02-17T14:35:39","modified_gmt":"2025-02-17T13:35:39","slug":"elsass","status":"publish","type":"page","link":"https:\/\/guide-strasbourg.de\/es\/elsass\/","title":{"rendered":"Alsacia"},"content":{"rendered":"\n\t\t<style type=\"text\/css\">\n\t\t\t#gallery-1 {\n\t\t\t\tmargin: auto;\n\t\t\t}\n\t\t\t#gallery-1 .gallery-item {\n\t\t\t\tfloat: left;\n\t\t\t\tmargin-top: 10px;\n\t\t\t\ttext-align: center;\n\t\t\t\twidth: 50%;\n\t\t\t}\n\t\t\t#gallery-1 img {\n\t\t\t\tborder: 2px solid #cfcfcf;\n\t\t\t}\n\t\t\t#gallery-1 .gallery-caption {\n\t\t\t\tmargin-left: 0;\n\t\t\t}\n\t\t\t\/* see gallery_shortcode() in wp-includes\/media.php *\/\n\t\t<\/style>\n\t\t<div id='gallery-1' class='gallery galleryid-129 gallery-columns-2 gallery-size-large'><dl class='gallery-item'>\n\t\t\t<dt class='gallery-icon landscape'>\n\t\t\t\t<a href='https:\/\/guide-strasbourg.de\/wp-content\/uploads\/2018\/06\/p020_1_01.jpg'><img loading=\"lazy\" decoding=\"async\" width=\"310\" height=\"206\" src=\"https:\/\/guide-strasbourg.de\/wp-content\/uploads\/2018\/06\/p020_1_01.jpg\" class=\"attachment-large size-large\" alt=\"\" srcset=\"https:\/\/guide-strasbourg.de\/wp-content\/uploads\/2018\/06\/p020_1_01.jpg 310w, https:\/\/guide-strasbourg.de\/wp-content\/uploads\/2018\/06\/p020_1_01-300x199.jpg 300w, https:\/\/guide-strasbourg.de\/wp-content\/uploads\/2018\/06\/p020_1_01-220x146.jpg 220w, https:\/\/guide-strasbourg.de\/wp-content\/uploads\/2018\/06\/p020_1_01-90x60.jpg 90w\" sizes=\"auto, (max-width: 310px) 100vw, 310px\" \/><\/a>\n\t\t\t<\/dt><\/dl><dl class='gallery-item'>\n\t\t\t<dt class='gallery-icon landscape'>\n\t\t\t\t<a href='https:\/\/guide-strasbourg.de\/wp-content\/uploads\/2018\/06\/p020_1_04.jpg'><img loading=\"lazy\" decoding=\"async\" width=\"310\" height=\"206\" src=\"https:\/\/guide-strasbourg.de\/wp-content\/uploads\/2018\/06\/p020_1_04.jpg\" class=\"attachment-large size-large\" alt=\"\" srcset=\"https:\/\/guide-strasbourg.de\/wp-content\/uploads\/2018\/06\/p020_1_04.jpg 310w, https:\/\/guide-strasbourg.de\/wp-content\/uploads\/2018\/06\/p020_1_04-300x199.jpg 300w, https:\/\/guide-strasbourg.de\/wp-content\/uploads\/2018\/06\/p020_1_04-220x146.jpg 220w, https:\/\/guide-strasbourg.de\/wp-content\/uploads\/2018\/06\/p020_1_04-90x60.jpg 90w\" sizes=\"auto, (max-width: 310px) 100vw, 310px\" \/><\/a>\n\t\t\t<\/dt><\/dl><br style=\"clear: both\" \/>\n\t\t<\/div>\n\n<p>Alsacia es conocida por su Ruta del Vino. Existe desde 1953 y se extiende en 170 km a trav\u00e9s del vi\u00f1edo alsaciana.<\/p>\n<p>Se encuentran m\u00e1s de 67 pueblos a lo largo de la Ruta del Vino, como Kaysersberg, ciudad natal de Albert Schweitzer.<\/p>\n<p><img loading=\"lazy\" decoding=\"async\" class=\"alignright size-full wp-image-132\" src=\"https:\/\/guide-strasbourg.de\/wp-content\/uploads\/2018\/06\/p020_1_00.jpg\" alt=\"\" width=\"150\" height=\"188\" srcset=\"https:\/\/guide-strasbourg.de\/wp-content\/uploads\/2018\/06\/p020_1_00.jpg 150w, https:\/\/guide-strasbourg.de\/wp-content\/uploads\/2018\/06\/p020_1_00-90x113.jpg 90w\" sizes=\"auto, (max-width: 150px) 100vw, 150px\" \/><\/p>\n<p>Tambi\u00e9n se puede visitar otras ciudades hist\u00f3ricas: Riquewir, Ribeauville, Eguisheim, Dambach-la-ville, etc.<br \/>\nEl camino rom\u00e1nico de Alsacia tambi\u00e9n es digno de ver. Conecta muchos sitios hist\u00f3ricos de la \u00e9poca rom\u00e1nica, como la iglesia de Ottmarsheim, la abad\u00eda de Murbach, la Iglesia de Kaysersberg, la Iglesia de los Santos Pedro y Pablo de Rosheim, etc.<\/p>\n<p><strong>Visitas guiadas<\/strong><\/p>\n<p>Propongo visitas guiadas de las ciudades de Saverne, Wissembourg y S\u00e9lestat en espa\u00f1ol, franc\u00e9s, alem\u00e1n o en ingl\u00e9s.<\/p>\n<ul>\n<li>Visitas con su propio autob\u00fas<\/li>\n<li>Excursiones de medio d\u00eda<\/li>\n<li>Excursiones de d\u00eda completo<\/li>\n<li>Ruta del Vino<\/li>\n<li>Camino rom\u00e1nico de Alsacia<\/li>\n<li>Saverne<\/li>\n<li>Wissembourg<\/li>\n<li>S\u00e9lestat<\/li>\n<\/ul>\n<div id=\"s3gt_translate_tooltip_mini\" class=\"s3gt_translate_tooltip_mini_box\" style=\"background: initial !important; border: initial !important; border-radius: initial !important; border-spacing: initial !important; border-collapse: initial !important; direction: ltr !important; flex-direction: initial !important; font-weight: initial !important; height: initial !important; letter-spacing: initial !important; min-width: initial !important; max-width: initial !important; min-height: initial !important; max-height: initial !important; margin: auto !important; outline: initial !important; padding: initial !important; position: absolute; table-layout: initial !important; text-align: initial !important; text-shadow: initial !important; width: initial !important; word-break: initial !important; word-spacing: initial !important; overflow-wrap: initial !important; box-sizing: initial !important; display: initial !important; color: inherit !important; font-size: 13px !important; font-family: X-LocaleSpecific, sans-serif, Tahoma, Helvetica !important; line-height: 13px !important; vertical-align: top !important; white-space: inherit !important; left: 22px; top: 616px; opacity: 0.85;\">\n<div id=\"s3gt_translate_tooltip_mini_logo\" class=\"s3gt_translate_tooltip_mini\" title=\"Markierten Text \u00fcbersetzen\"><\/div>\n<div id=\"s3gt_translate_tooltip_mini_sound\" class=\"s3gt_translate_tooltip_mini\" title=\"Abspielen\"><\/div>\n<div id=\"s3gt_translate_tooltip_mini_copy\" class=\"s3gt_translate_tooltip_mini\" title=\"In Zwischenablage kopieren\"><\/div>\n<\/div>\n","protected":false},"excerpt":{"rendered":"<p>Alsacia es conocida por su Ruta del Vino. Existe desde 1953 y se extiende en 170 km a trav\u00e9s del vi\u00f1edo alsaciana. Se encuentran m\u00e1s de 67 pueblos a lo largo de la Ruta del Vino, como Kaysersberg, ciudad natal &#8230; <a class=\"styledbutton\" href=\"https:\/\/guide-strasbourg.de\/es\/elsass\/\">Read More<\/a><\/p>\n","protected":false},"author":3,"featured_media":0,"parent":0,"menu_order":0,"comment_status":"closed","ping_status":"closed","template":"","meta":{"footnotes":""},"class_list":["post-129","page","type-page","status-publish","hentry"],"translation":{"provider":"WPGlobus","version":"3.0.1","language":"es","enabled_languages":["de","en","fr","es"],"languages":{"de":{"title":true,"content":true,"excerpt":false},"en":{"title":true,"content":true,"excerpt":false},"fr":{"title":true,"content":true,"excerpt":false},"es":{"title":true,"content":true,"excerpt":false}}},"aioseo_notices":[],"_links":{"self":[{"href":"https:\/\/guide-strasbourg.de\/es\/wp-json\/wp\/v2\/pages\/129","targetHints":{"allow":["GET"]}}],"collection":[{"href":"https:\/\/guide-strasbourg.de\/es\/wp-json\/wp\/v2\/pages"}],"about":[{"href":"https:\/\/guide-strasbourg.de\/es\/wp-json\/wp\/v2\/types\/page"}],"author":[{"embeddable":true,"href":"https:\/\/guide-strasbourg.de\/es\/wp-json\/wp\/v2\/users\/3"}],"replies":[{"embeddable":true,"href":"https:\/\/guide-strasbourg.de\/es\/wp-json\/wp\/v2\/comments?post=129"}],"version-history":[{"count":6,"href":"https:\/\/guide-strasbourg.de\/es\/wp-json\/wp\/v2\/pages\/129\/revisions"}],"predecessor-version":[{"id":1054,"href":"https:\/\/guide-strasbourg.de\/es\/wp-json\/wp\/v2\/pages\/129\/revisions\/1054"}],"wp:attachment":[{"href":"https:\/\/guide-strasbourg.de\/es\/wp-json\/wp\/v2\/media?parent=129"}],"curies":[{"name":"wp","href":"https:\/\/api.w.org\/{rel}","templated":true}]}}