{"id":152,"date":"2018-06-05T18:24:10","date_gmt":"2018-06-05T16:24:10","guid":{"rendered":"http:\/\/guide-strasbourg.de\/?page_id=152"},"modified":"2018-06-05T18:30:45","modified_gmt":"2018-06-05T16:30:45","slug":"elsaessisches-museum","status":"publish","type":"page","link":"https:\/\/guide-strasbourg.de\/es\/elsaessisches-museum\/","title":{"rendered":"Els\u00e4ssisches Museum"},"content":{"rendered":"\n\t\t<style type=\"text\/css\">\n\t\t\t#gallery-1 {\n\t\t\t\tmargin: auto;\n\t\t\t}\n\t\t\t#gallery-1 .gallery-item {\n\t\t\t\tfloat: left;\n\t\t\t\tmargin-top: 10px;\n\t\t\t\ttext-align: center;\n\t\t\t\twidth: 33%;\n\t\t\t}\n\t\t\t#gallery-1 img {\n\t\t\t\tborder: 2px solid #cfcfcf;\n\t\t\t}\n\t\t\t#gallery-1 .gallery-caption {\n\t\t\t\tmargin-left: 0;\n\t\t\t}\n\t\t\t\/* see gallery_shortcode() in wp-includes\/media.php *\/\n\t\t<\/style>\n\t\t<div id='gallery-1' class='gallery galleryid-152 gallery-columns-3 gallery-size-large'><dl class='gallery-item'>\n\t\t\t<dt class='gallery-icon landscape'>\n\t\t\t\t<img loading=\"lazy\" decoding=\"async\" width=\"207\" height=\"115\" src=\"https:\/\/guide-strasbourg.de\/wp-content\/uploads\/2018\/06\/p008_1_00.jpg\" class=\"attachment-large size-large\" alt=\"\" srcset=\"https:\/\/guide-strasbourg.de\/wp-content\/uploads\/2018\/06\/p008_1_00.jpg 207w, https:\/\/guide-strasbourg.de\/wp-content\/uploads\/2018\/06\/p008_1_00-90x50.jpg 90w\" sizes=\"auto, (max-width: 207px) 100vw, 207px\" \/>\n\t\t\t<\/dt><\/dl><dl class='gallery-item'>\n\t\t\t<dt class='gallery-icon landscape'>\n\t\t\t\t<img loading=\"lazy\" decoding=\"async\" width=\"207\" height=\"115\" src=\"https:\/\/guide-strasbourg.de\/wp-content\/uploads\/2018\/06\/p008_1_01.jpg\" class=\"attachment-large size-large\" alt=\"\" srcset=\"https:\/\/guide-strasbourg.de\/wp-content\/uploads\/2018\/06\/p008_1_01.jpg 207w, https:\/\/guide-strasbourg.de\/wp-content\/uploads\/2018\/06\/p008_1_01-90x50.jpg 90w\" sizes=\"auto, (max-width: 207px) 100vw, 207px\" \/>\n\t\t\t<\/dt><\/dl><dl class='gallery-item'>\n\t\t\t<dt class='gallery-icon landscape'>\n\t\t\t\t<img loading=\"lazy\" decoding=\"async\" width=\"207\" height=\"114\" src=\"https:\/\/guide-strasbourg.de\/wp-content\/uploads\/2018\/06\/p008_1_02.jpg\" class=\"attachment-large size-large\" alt=\"\" srcset=\"https:\/\/guide-strasbourg.de\/wp-content\/uploads\/2018\/06\/p008_1_02.jpg 207w, https:\/\/guide-strasbourg.de\/wp-content\/uploads\/2018\/06\/p008_1_02-90x50.jpg 90w\" sizes=\"auto, (max-width: 207px) 100vw, 207px\" \/>\n\t\t\t<\/dt><\/dl><br style=\"clear: both\" \/>\n\t\t<\/div>\n\n<p><strong><span class=\"ff2 fc0 fs12 fu \">Kurzbeschreibung:<\/span><\/strong><\/p>\n<p><span class=\"ff2 fc0 fs12 \">Das Els\u00e4ssische Museum besteht aus mehreren historischen Stadth\u00e4usern, die \u00fcber Holztreppen und -galerien miteinander verbunden sind. Der reizvolle Rundgang durch Stuben und Werkst\u00e4tten macht mit den Br\u00e4uchen und dem Kunsthandwerk des Elsass bekannt. Nachgestellte Inneneinrichtungen aus verschiedenen Epochen und Gegenden des Elsass sowie Tausende Exponate, darunter Trachten, M\u00f6bel, Keramik, Spielzeug, Bilder, veranschaulichen das l\u00e4ndliche Leben im Elsass des 18. und 19. Jahrhunderts.<\/span><\/p>\n<p>(Textausz\u00fcge von <span class=\"ff3 fc0 fs13 \">\u00a9<\/span> <span class=\"ff2 fc0 fs12 \">www.musees.strasbourg.eu)<\/span><\/p>\n","protected":false},"excerpt":{"rendered":"<p>Kurzbeschreibung: Das Els\u00e4ssische Museum besteht aus mehreren historischen Stadth\u00e4usern, die \u00fcber Holztreppen und -galerien miteinander verbunden sind. Der reizvolle Rundgang durch Stuben und Werkst\u00e4tten macht mit den Br\u00e4uchen und dem Kunsthandwerk des Elsass bekannt. Nachgestellte Inneneinrichtungen aus verschiedenen Epochen und &#8230; <a class=\"styledbutton\" href=\"https:\/\/guide-strasbourg.de\/es\/elsaessisches-museum\/\">Read More<\/a><\/p>\n","protected":false},"author":3,"featured_media":0,"parent":0,"menu_order":0,"comment_status":"closed","ping_status":"closed","template":"","meta":{"footnotes":""},"class_list":["post-152","page","type-page","status-publish","hentry"],"translation":{"provider":"WPGlobus","version":"3.0.1","language":"es","enabled_languages":["de","en","fr","es"],"languages":{"de":{"title":true,"content":true,"excerpt":false},"en":{"title":false,"content":false,"excerpt":false},"fr":{"title":false,"content":false,"excerpt":false},"es":{"title":false,"content":false,"excerpt":false}}},"aioseo_notices":[],"_links":{"self":[{"href":"https:\/\/guide-strasbourg.de\/es\/wp-json\/wp\/v2\/pages\/152","targetHints":{"allow":["GET"]}}],"collection":[{"href":"https:\/\/guide-strasbourg.de\/es\/wp-json\/wp\/v2\/pages"}],"about":[{"href":"https:\/\/guide-strasbourg.de\/es\/wp-json\/wp\/v2\/types\/page"}],"author":[{"embeddable":true,"href":"https:\/\/guide-strasbourg.de\/es\/wp-json\/wp\/v2\/users\/3"}],"replies":[{"embeddable":true,"href":"https:\/\/guide-strasbourg.de\/es\/wp-json\/wp\/v2\/comments?post=152"}],"version-history":[{"count":0,"href":"https:\/\/guide-strasbourg.de\/es\/wp-json\/wp\/v2\/pages\/152\/revisions"}],"wp:attachment":[{"href":"https:\/\/guide-strasbourg.de\/es\/wp-json\/wp\/v2\/media?parent=152"}],"curies":[{"name":"wp","href":"https:\/\/api.w.org\/{rel}","templated":true}]}}