{"id":166,"date":"2018-06-05T18:30:14","date_gmt":"2018-06-05T16:30:14","guid":{"rendered":"http:\/\/guide-strasbourg.de\/?page_id=166"},"modified":"2018-06-05T18:30:14","modified_gmt":"2018-06-05T16:30:14","slug":"schloss-rohan-bildende-kunst-museum","status":"publish","type":"page","link":"https:\/\/guide-strasbourg.de\/es\/schloss-rohan-bildende-kunst-museum\/","title":{"rendered":"Schloss Rohan Bildende Kunst Museum"},"content":{"rendered":"\n\t\t<style type=\"text\/css\">\n\t\t\t#gallery-1 {\n\t\t\t\tmargin: auto;\n\t\t\t}\n\t\t\t#gallery-1 .gallery-item {\n\t\t\t\tfloat: left;\n\t\t\t\tmargin-top: 10px;\n\t\t\t\ttext-align: center;\n\t\t\t\twidth: 33%;\n\t\t\t}\n\t\t\t#gallery-1 img {\n\t\t\t\tborder: 2px solid #cfcfcf;\n\t\t\t}\n\t\t\t#gallery-1 .gallery-caption {\n\t\t\t\tmargin-left: 0;\n\t\t\t}\n\t\t\t\/* see gallery_shortcode() in wp-includes\/media.php *\/\n\t\t<\/style>\n\t\t<div id='gallery-1' class='gallery galleryid-166 gallery-columns-3 gallery-size-large'><dl class='gallery-item'>\n\t\t\t<dt class='gallery-icon landscape'>\n\t\t\t\t<img loading=\"lazy\" decoding=\"async\" width=\"207\" height=\"124\" src=\"https:\/\/guide-strasbourg.de\/wp-content\/uploads\/2018\/06\/p009_1_00.jpg\" class=\"attachment-large size-large\" alt=\"\" srcset=\"https:\/\/guide-strasbourg.de\/wp-content\/uploads\/2018\/06\/p009_1_00.jpg 207w, https:\/\/guide-strasbourg.de\/wp-content\/uploads\/2018\/06\/p009_1_00-90x54.jpg 90w\" sizes=\"auto, (max-width: 207px) 100vw, 207px\" \/>\n\t\t\t<\/dt><\/dl><dl class='gallery-item'>\n\t\t\t<dt class='gallery-icon landscape'>\n\t\t\t\t<img loading=\"lazy\" decoding=\"async\" width=\"207\" height=\"121\" src=\"https:\/\/guide-strasbourg.de\/wp-content\/uploads\/2018\/06\/p009_1_01.jpg\" class=\"attachment-large size-large\" alt=\"\" srcset=\"https:\/\/guide-strasbourg.de\/wp-content\/uploads\/2018\/06\/p009_1_01.jpg 207w, https:\/\/guide-strasbourg.de\/wp-content\/uploads\/2018\/06\/p009_1_01-90x53.jpg 90w\" sizes=\"auto, (max-width: 207px) 100vw, 207px\" \/>\n\t\t\t<\/dt><\/dl><dl class='gallery-item'>\n\t\t\t<dt class='gallery-icon landscape'>\n\t\t\t\t<img loading=\"lazy\" decoding=\"async\" width=\"207\" height=\"118\" src=\"https:\/\/guide-strasbourg.de\/wp-content\/uploads\/2018\/06\/p009_1_02.jpg\" class=\"attachment-large size-large\" alt=\"\" srcset=\"https:\/\/guide-strasbourg.de\/wp-content\/uploads\/2018\/06\/p009_1_02.jpg 207w, https:\/\/guide-strasbourg.de\/wp-content\/uploads\/2018\/06\/p009_1_02-90x51.jpg 90w\" sizes=\"auto, (max-width: 207px) 100vw, 207px\" \/>\n\t\t\t<\/dt><\/dl><br style=\"clear: both\" \/>\n\t\t<\/div>\n\n<p><strong>Kurzbeschreibung:<\/strong><\/p>\n<p>Das Museum f\u00fcr bildende Kunst im ersten Stock des Rohan-Schlosses gibt einen ausgezeichneten \u00dcberblick \u00fcber die Geschichte der europ\u00e4ischen Malerei von den Anf\u00e4ngen bis 1870: fr\u00fche italienische und altniederl\u00e4ndische Malerei (Giotto und Memling), Renaissance und Manierismus (Botticelli, Raffael, Veronese, Lucas van Leyden, El Greco); Barock, Naturalismus und Klassizismus des 17. und 18. Jahrhunderts (Rubens, Vouet, Zurbaran, Largilli\u00e8res \u201eLa Belle Strasbourgeoise\u201c, Canaletto, Tiepolo, Goya) und das 19. Jahrhundert mit Delacroix, Chasseriau, Corot und Courbet.<\/p>\n<p>(Textausz\u00fcge von \u00a9 www.musees.strasbourg.eu)<\/p>\n","protected":false},"excerpt":{"rendered":"<p>Kurzbeschreibung: Das Museum f\u00fcr bildende Kunst im ersten Stock des Rohan-Schlosses gibt einen ausgezeichneten \u00dcberblick \u00fcber die Geschichte der europ\u00e4ischen Malerei von den Anf\u00e4ngen bis 1870: fr\u00fche italienische und altniederl\u00e4ndische Malerei (Giotto und Memling), Renaissance und Manierismus (Botticelli, Raffael, Veronese, &#8230; <a class=\"styledbutton\" href=\"https:\/\/guide-strasbourg.de\/es\/schloss-rohan-bildende-kunst-museum\/\">Read More<\/a><\/p>\n","protected":false},"author":3,"featured_media":0,"parent":0,"menu_order":0,"comment_status":"closed","ping_status":"closed","template":"","meta":{"footnotes":""},"class_list":["post-166","page","type-page","status-publish","hentry"],"translation":{"provider":"WPGlobus","version":"3.0.1","language":"es","enabled_languages":["de","en","fr","es"],"languages":{"de":{"title":true,"content":true,"excerpt":false},"en":{"title":false,"content":false,"excerpt":false},"fr":{"title":false,"content":false,"excerpt":false},"es":{"title":false,"content":false,"excerpt":false}}},"aioseo_notices":[],"_links":{"self":[{"href":"https:\/\/guide-strasbourg.de\/es\/wp-json\/wp\/v2\/pages\/166","targetHints":{"allow":["GET"]}}],"collection":[{"href":"https:\/\/guide-strasbourg.de\/es\/wp-json\/wp\/v2\/pages"}],"about":[{"href":"https:\/\/guide-strasbourg.de\/es\/wp-json\/wp\/v2\/types\/page"}],"author":[{"embeddable":true,"href":"https:\/\/guide-strasbourg.de\/es\/wp-json\/wp\/v2\/users\/3"}],"replies":[{"embeddable":true,"href":"https:\/\/guide-strasbourg.de\/es\/wp-json\/wp\/v2\/comments?post=166"}],"version-history":[{"count":0,"href":"https:\/\/guide-strasbourg.de\/es\/wp-json\/wp\/v2\/pages\/166\/revisions"}],"wp:attachment":[{"href":"https:\/\/guide-strasbourg.de\/es\/wp-json\/wp\/v2\/media?parent=166"}],"curies":[{"name":"wp","href":"https:\/\/api.w.org\/{rel}","templated":true}]}}