{"id":176,"date":"2018-06-05T18:34:08","date_gmt":"2018-06-05T16:34:08","guid":{"rendered":"http:\/\/guide-strasbourg.de\/?page_id=176"},"modified":"2018-06-05T18:34:35","modified_gmt":"2018-06-05T16:34:35","slug":"tomi-ungerer-museum","status":"publish","type":"page","link":"https:\/\/guide-strasbourg.de\/es\/tomi-ungerer-museum\/","title":{"rendered":"Tomi Ungerer Museum"},"content":{"rendered":"\n\t\t<style type=\"text\/css\">\n\t\t\t#gallery-1 {\n\t\t\t\tmargin: auto;\n\t\t\t}\n\t\t\t#gallery-1 .gallery-item {\n\t\t\t\tfloat: left;\n\t\t\t\tmargin-top: 10px;\n\t\t\t\ttext-align: center;\n\t\t\t\twidth: 50%;\n\t\t\t}\n\t\t\t#gallery-1 img {\n\t\t\t\tborder: 2px solid #cfcfcf;\n\t\t\t}\n\t\t\t#gallery-1 .gallery-caption {\n\t\t\t\tmargin-left: 0;\n\t\t\t}\n\t\t\t\/* see gallery_shortcode() in wp-includes\/media.php *\/\n\t\t<\/style>\n\t\t<div id='gallery-1' class='gallery galleryid-176 gallery-columns-2 gallery-size-full'><dl class='gallery-item'>\n\t\t\t<dt class='gallery-icon landscape'>\n\t\t\t\t<img loading=\"lazy\" decoding=\"async\" width=\"207\" height=\"155\" src=\"https:\/\/guide-strasbourg.de\/wp-content\/uploads\/2018\/06\/p010_1_01.jpg\" class=\"attachment-full size-full\" alt=\"\" srcset=\"https:\/\/guide-strasbourg.de\/wp-content\/uploads\/2018\/06\/p010_1_01.jpg 207w, https:\/\/guide-strasbourg.de\/wp-content\/uploads\/2018\/06\/p010_1_01-90x67.jpg 90w\" sizes=\"auto, (max-width: 207px) 100vw, 207px\" \/>\n\t\t\t<\/dt><\/dl><dl class='gallery-item'>\n\t\t\t<dt class='gallery-icon landscape'>\n\t\t\t\t<img loading=\"lazy\" decoding=\"async\" width=\"207\" height=\"115\" src=\"https:\/\/guide-strasbourg.de\/wp-content\/uploads\/2018\/06\/p010_1_00.jpg\" class=\"attachment-full size-full\" alt=\"\" srcset=\"https:\/\/guide-strasbourg.de\/wp-content\/uploads\/2018\/06\/p010_1_00.jpg 207w, https:\/\/guide-strasbourg.de\/wp-content\/uploads\/2018\/06\/p010_1_00-90x50.jpg 90w\" sizes=\"auto, (max-width: 207px) 100vw, 207px\" \/>\n\t\t\t<\/dt><\/dl><br style=\"clear: both\" \/>\n\t\t<\/div>\n\n<p>&nbsp;<\/p>\n<p><strong>Kurzbeschreibung:<\/strong><\/p>\n<p>Die umfangreiche Sammlung in der Villa Greiner umfasst 11.000 Zeichnungen, die der 1931 in Stra\u00dfburg geborene Zeichner und Illustrator Tomi Ungerer seiner Heimatstadt als Schenkung \u00fcberlie\u00df. Davon werden in einer wechselnden Dauerausstellung jeweils rund 300 Originalzeichnungen &#8211; Kinderbuchillustrationen, Karikaturen und Werbezeichnungen sowie erotische Darstellungen &#8211; gezeigt. Dar\u00fcber hinaus beinhaltet der Fundus Grafiken von Ungerer sowie repr\u00e4sentative Sammlungen von Zeichnern\/Illustratoren des 20. und 21. Jahrhunderts.<\/p>\n<p>(Textausz\u00fcge von \u00a9 www.musees.strasbourg.eu)<\/p>\n","protected":false},"excerpt":{"rendered":"<p>&nbsp; Kurzbeschreibung: Die umfangreiche Sammlung in der Villa Greiner umfasst 11.000 Zeichnungen, die der 1931 in Stra\u00dfburg geborene Zeichner und Illustrator Tomi Ungerer seiner Heimatstadt als Schenkung \u00fcberlie\u00df. Davon werden in einer wechselnden Dauerausstellung jeweils rund 300 Originalzeichnungen &#8211; Kinderbuchillustrationen, &#8230; <a class=\"styledbutton\" href=\"https:\/\/guide-strasbourg.de\/es\/tomi-ungerer-museum\/\">Read More<\/a><\/p>\n","protected":false},"author":3,"featured_media":0,"parent":0,"menu_order":0,"comment_status":"closed","ping_status":"closed","template":"","meta":{"footnotes":""},"class_list":["post-176","page","type-page","status-publish","hentry"],"translation":{"provider":"WPGlobus","version":"3.0.1","language":"es","enabled_languages":["de","en","fr","es"],"languages":{"de":{"title":true,"content":true,"excerpt":false},"en":{"title":false,"content":false,"excerpt":false},"fr":{"title":false,"content":false,"excerpt":false},"es":{"title":false,"content":false,"excerpt":false}}},"aioseo_notices":[],"_links":{"self":[{"href":"https:\/\/guide-strasbourg.de\/es\/wp-json\/wp\/v2\/pages\/176","targetHints":{"allow":["GET"]}}],"collection":[{"href":"https:\/\/guide-strasbourg.de\/es\/wp-json\/wp\/v2\/pages"}],"about":[{"href":"https:\/\/guide-strasbourg.de\/es\/wp-json\/wp\/v2\/types\/page"}],"author":[{"embeddable":true,"href":"https:\/\/guide-strasbourg.de\/es\/wp-json\/wp\/v2\/users\/3"}],"replies":[{"embeddable":true,"href":"https:\/\/guide-strasbourg.de\/es\/wp-json\/wp\/v2\/comments?post=176"}],"version-history":[{"count":0,"href":"https:\/\/guide-strasbourg.de\/es\/wp-json\/wp\/v2\/pages\/176\/revisions"}],"wp:attachment":[{"href":"https:\/\/guide-strasbourg.de\/es\/wp-json\/wp\/v2\/media?parent=176"}],"curies":[{"name":"wp","href":"https:\/\/api.w.org\/{rel}","templated":true}]}}