{"id":250,"date":"2018-10-01T19:10:47","date_gmt":"2018-10-01T17:10:47","guid":{"rendered":"https:\/\/guide-strasbourg.de\/?page_id=250"},"modified":"2023-02-05T19:22:07","modified_gmt":"2023-02-05T18:22:07","slug":"strassburg","status":"publish","type":"page","link":"https:\/\/guide-strasbourg.de\/es\/strassburg\/","title":{"rendered":"Estrasburg"},"content":{"rendered":"<p><img loading=\"lazy\" decoding=\"async\" class=\"alignnone size-full wp-image-117\" src=\"https:\/\/guide-strasbourg.de\/wp-content\/uploads\/2018\/06\/p001_1_00.jpg\" alt=\"\" width=\"630\" height=\"183\" srcset=\"https:\/\/guide-strasbourg.de\/wp-content\/uploads\/2018\/06\/p001_1_00.jpg 630w, https:\/\/guide-strasbourg.de\/wp-content\/uploads\/2018\/06\/p001_1_00-300x87.jpg 300w, https:\/\/guide-strasbourg.de\/wp-content\/uploads\/2018\/06\/p001_1_00-220x64.jpg 220w, https:\/\/guide-strasbourg.de\/wp-content\/uploads\/2018\/06\/p001_1_00-355x103.jpg 355w, https:\/\/guide-strasbourg.de\/wp-content\/uploads\/2018\/06\/p001_1_00-90x26.jpg 90w\" sizes=\"auto, (max-width: 630px) 100vw, 630px\" \/><\/p>\n<p>Propongo visitas guiadas de la ciudad en espa\u00f1ol, franc\u00e9s, alem\u00e1n o en ingl\u00e9s.<br \/>\nLas visitas guiadas se pueden hacer a pie, con su bicicleta, con el tranv\u00eda o con su propio autob\u00fas.<\/p>\n<p><strong>Visitas guiadas tradicionales de Estrasburgo<\/strong><\/p>\n<ul>\n<li>La Catedral: reloj astron\u00f3mico, cripta, vidrieras, etc.<\/li>\n<li>El casco antiguo: Maison Kammerzell, Petite France, etc.<\/li>\n<li>Visita panor\u00e1mica en su proprio autob\u00fas<\/li>\n<\/ul>\n<p><strong>Visitas tem\u00e1ticas de Estrasburgo<\/strong><\/p>\n<ul>\n<li>Personalidades famosas: siguiendo los pasos de Goethe, de A. Schweitzer, Gutenberg, ruta de las mujeres celebres<\/li>\n<li>Barrio europeo: Parlamento Europeo, Consejo de Europa (exterior)<\/li>\n<li>Barrio Neustadt: distrito alem\u00e1n con la Universidad \/ 1871-1918<\/li>\n<li>Juda\u00edsmo en Estrasburgo con la Mikv\u00e9<\/li>\n<li>Protestantismo en Estrasburgo<\/li>\n<li>Arquitectura: g\u00f3tica, renacentista, edificios franceses del siglo XVIII, Art Nouveau, Art Deco<\/li>\n<li>Argentoratum: el Castrum romano<\/li>\n<li>Tradiciones navide\u00f1as: tapices de la Catedral, mercadillos navide\u00f1os desde 1570<\/li>\n<li>Nuevo barrio portuario \u00abDeux Rives\u00bb: eco-barrio Danube, pen\u00ednsula Malraux, barrio Coop<\/li>\n<li>Arte urbano Street Art (Pro 176, Dan 23, Missy)<\/li>\n<\/ul>\n<p><strong>\u2028Otros lugares de inter\u00e9s en Estrasburgo<\/strong><\/p>\n<ul>\n<li>Iglesia de Santo Tom\u00e1s \/ \u00f3rgano de Silbermann<\/li>\n<li>Bodega hist\u00f3rica de los Hospices de Estrasburgo<\/li>\n<li>Iglesia protestante de San Pedro el Joven<\/li>\n<li>Plazas emblem\u00e1ticas: Place Kl\u00e9ber, Place Broglie<\/li>\n<\/ul>\n<p><strong>\u2028Visitas guiadas en museos<\/strong><\/p>\n<p>Para visitas guiadas en los museos de Estrasburgo y las exposiciones temporales,<br \/>\nhaga <a href=\"https:\/\/guide-strasbourg.de\/es\/strassburg-2\/\">clic aqu\u00ed<\/a>.<\/p>\n<p><strong>Descargar: mapa de Estrasburgo<\/strong><br \/>\n(Puesto a disposici\u00f3n por la Oficina de Turismo de Estrasburgo)<\/p>\n<div class=\"ead-preview\"><div class=\"ead-document\" style=\"position: relative;padding-top: 90%;\"><div class=\"ead-iframe-wrapper\"><iframe src=\"\/\/docs.google.com\/viewer?url=https%3A%2F%2Fguide-strasbourg.de%2Fwp-content%2Fuploads%2F2018%2F06%2Fstadtplan_strasbourg.pdf&amp;embedded=true&amp;hl=en\" title=\"Documento incrustado\" class=\"ead-iframe\" style=\"width: 100%;height: 100%;border: none;position: absolute;left: 0;top: 0;visibility: hidden;\"><\/iframe><\/div>\t\t\t<div class=\"ead-document-loading\" style=\"width:100%;height:100%;position:absolute;left:0;top:0;z-index:10;\">\n\t\t\t\t<div class=\"ead-loading-wrap\">\n\t\t\t\t\t<div class=\"ead-loading-main\">\n\t\t\t\t\t\t<div class=\"ead-loading\">\n\t\t\t\t\t\t\t<img loading=\"lazy\" decoding=\"async\" src=\"https:\/\/guide-strasbourg.de\/wp-content\/plugins\/embed-any-document\/images\/loading.svg\" width=\"55\" height=\"55\" alt=\"Cargador\">\n\t\t\t\t\t\t\t<span>Cargando...<\/span>\n\t\t\t\t\t\t<\/div>\n\t\t\t\t\t<\/div>\n\t\t\t\t\t<div class=\"ead-loading-foot\">\n\t\t\t\t\t\t<div class=\"ead-loading-foot-title\">\n\t\t\t\t\t\t\t<img loading=\"lazy\" decoding=\"async\" src=\"https:\/\/guide-strasbourg.de\/wp-content\/plugins\/embed-any-document\/images\/EAD-logo.svg\" alt=\"Logotipo de EAD\" width=\"36\" height=\"23\"\/>\n\t\t\t\t\t\t\t<span>\u00bfTarda demasiado?<\/span>\n\t\t\t\t\t\t<\/div>\n\t\t\t\t\t\t<p>\n\t\t\t\t\t\t\t<div class=\"ead-document-btn ead-reload-btn\" role=\"button\">\n\t\t\t\t\t\t\t\t<img loading=\"lazy\" decoding=\"async\" src=\"https:\/\/guide-strasbourg.de\/wp-content\/plugins\/embed-any-document\/images\/reload.svg\" alt=\"Recargar\" width=\"12\" height=\"12\"\/> Recargar el documento\t\t\t\t\t\t\t<\/div>\n\t\t\t\t\t\t\t<span>|<\/span>\n\t\t\t\t\t\t\t<a href=\"https:\/\/guide-strasbourg.de\/wp-content\/uploads\/2018\/06\/stadtplan_strasbourg.pdf\" class=\"ead-document-btn\" target=\"_blank\">\n\t\t\t\t\t\t\t\t<img loading=\"lazy\" decoding=\"async\" src=\"https:\/\/guide-strasbourg.de\/wp-content\/plugins\/embed-any-document\/images\/open.svg\" alt=\"Abrir\" width=\"12\" height=\"12\"\/> Abrir en una nueva pesta\u00f1a\t\t\t\t\t\t\t<\/a>\n\t\t\t\t\t<\/div>\n\t\t\t\t<\/div>\n\t\t\t<\/div>\n\t\t<\/div><p class=\"embed_download\"><a href=\"https:\/\/guide-strasbourg.de\/wp-content\/uploads\/2018\/06\/stadtplan_strasbourg.pdf\" download>Download [3.44 MB] <\/a><\/p><\/div>\n","protected":false},"excerpt":{"rendered":"<p>Propongo visitas guiadas de la ciudad en espa\u00f1ol, franc\u00e9s, alem\u00e1n o en ingl\u00e9s. Las visitas guiadas se pueden hacer a pie, con su bicicleta, con el tranv\u00eda o con su propio autob\u00fas. Visitas guiadas tradicionales de Estrasburgo La Catedral: reloj &#8230; <a class=\"styledbutton\" href=\"https:\/\/guide-strasbourg.de\/es\/strassburg\/\">Read More<\/a><\/p>\n","protected":false},"author":3,"featured_media":0,"parent":0,"menu_order":0,"comment_status":"closed","ping_status":"closed","template":"","meta":{"footnotes":""},"class_list":["post-250","page","type-page","status-publish","hentry"],"translation":{"provider":"WPGlobus","version":"3.0.1","language":"es","enabled_languages":["de","en","fr","es"],"languages":{"de":{"title":true,"content":true,"excerpt":false},"en":{"title":true,"content":true,"excerpt":false},"fr":{"title":true,"content":true,"excerpt":false},"es":{"title":true,"content":true,"excerpt":false}}},"aioseo_notices":[],"_links":{"self":[{"href":"https:\/\/guide-strasbourg.de\/es\/wp-json\/wp\/v2\/pages\/250","targetHints":{"allow":["GET"]}}],"collection":[{"href":"https:\/\/guide-strasbourg.de\/es\/wp-json\/wp\/v2\/pages"}],"about":[{"href":"https:\/\/guide-strasbourg.de\/es\/wp-json\/wp\/v2\/types\/page"}],"author":[{"embeddable":true,"href":"https:\/\/guide-strasbourg.de\/es\/wp-json\/wp\/v2\/users\/3"}],"replies":[{"embeddable":true,"href":"https:\/\/guide-strasbourg.de\/es\/wp-json\/wp\/v2\/comments?post=250"}],"version-history":[{"count":5,"href":"https:\/\/guide-strasbourg.de\/es\/wp-json\/wp\/v2\/pages\/250\/revisions"}],"predecessor-version":[{"id":1021,"href":"https:\/\/guide-strasbourg.de\/es\/wp-json\/wp\/v2\/pages\/250\/revisions\/1021"}],"wp:attachment":[{"href":"https:\/\/guide-strasbourg.de\/es\/wp-json\/wp\/v2\/media?parent=250"}],"curies":[{"name":"wp","href":"https:\/\/api.w.org\/{rel}","templated":true}]}}