{"id":265,"date":"2018-10-30T17:18:58","date_gmt":"2018-10-30T16:18:58","guid":{"rendered":"https:\/\/guide-strasbourg.de\/?page_id=265"},"modified":"2025-02-17T15:11:44","modified_gmt":"2025-02-17T14:11:44","slug":"strassburg-2","status":"publish","type":"page","link":"https:\/\/guide-strasbourg.de\/es\/strassburg-2\/","title":{"rendered":"Estrasburg"},"content":{"rendered":"<style type=\"text\/css\">.easingslider-294 { width: 100%; }.easingslider-294 .easingslider-image { max-height: 400px; max-width: 640px; }.easingslider-294 .easingslider-fade-in, .easingslider-fade-out { -webkit-animation-duration: 400ms; -moz-animation-duration: 400ms; animation-duration: 400ms; }<\/style><script type=\"text\/javascript\">window.EasingSlider294 = {\"width\":640,\"height\":400,\"singleItem\":true,\"items\":1,\"itemsDesktop\":false,\"itemsDesktopSmall\":false,\"itemsTablet\":false,\"itemsTabletSmall\":false,\"itemsMobile\":false,\"responsive\":true,\"lazyLoad\":true,\"autoPlay\":4000,\"slideSpeed\":400,\"navigation\":true,\"navigationText\":[\"\",\"\"],\"pagination\":true,\"autoHeight\":false,\"mouseDrag\":false,\"touchDrag\":false,\"addClassActive\":true,\"transitionStyle\":\"fade\"};<\/script><div data-id=\"294\" class=\"easingslider easingslider-294 easingslider-container easingslider-full-width easingslider-resizing-enabled easingslider-aspect-ratio easingslider-arrows-inside easingslider-pagination-inside easingslider-pagination-bottom-center\"><div class=\"easingslider-slide\"><img decoding=\"async\" src=\"https:\/\/guide-strasbourg.de\/wp-content\/plugins\/easing-slider\/assets\/images\/placeholder-pixel.png\" data-src=\"https:\/\/guide-strasbourg.de\/wp-content\/uploads\/2018\/11\/slider01_x1000x500-640x400.jpg\" alt=\"\" title=\"\" class=\"easingslider-image easingslider-lazy\" \/><\/div><div class=\"easingslider-slide\"><img decoding=\"async\" src=\"https:\/\/guide-strasbourg.de\/wp-content\/plugins\/easing-slider\/assets\/images\/placeholder-pixel.png\" data-src=\"https:\/\/guide-strasbourg.de\/wp-content\/uploads\/2018\/11\/slider03_x1000x500-640x400.jpg\" alt=\"\" title=\"\" class=\"easingslider-image easingslider-lazy\" \/><\/div><div class=\"easingslider-slide\"><img decoding=\"async\" src=\"https:\/\/guide-strasbourg.de\/wp-content\/plugins\/easing-slider\/assets\/images\/placeholder-pixel.png\" data-src=\"https:\/\/guide-strasbourg.de\/wp-content\/uploads\/2018\/11\/slider02_x1000x500-640x400.jpg\" alt=\"\" title=\"\" class=\"easingslider-image easingslider-lazy\" \/><\/div><div class=\"easingslider-slide\"><img decoding=\"async\" src=\"https:\/\/guide-strasbourg.de\/wp-content\/plugins\/easing-slider\/assets\/images\/placeholder-pixel.png\" data-src=\"https:\/\/guide-strasbourg.de\/wp-content\/uploads\/2018\/11\/slider04_x1000x500-640x400.jpg\" alt=\"\" title=\"\" class=\"easingslider-image easingslider-lazy\" \/><\/div><div class=\"easingslider-slide\"><img decoding=\"async\" src=\"https:\/\/guide-strasbourg.de\/wp-content\/plugins\/easing-slider\/assets\/images\/placeholder-pixel.png\" data-src=\"https:\/\/guide-strasbourg.de\/wp-content\/uploads\/2018\/11\/slider05_x1000x500-640x400.jpg\" alt=\"\" title=\"\" class=\"easingslider-image easingslider-lazy\" \/><\/div><div class=\"easingslider-slide\"><img decoding=\"async\" src=\"https:\/\/guide-strasbourg.de\/wp-content\/plugins\/easing-slider\/assets\/images\/placeholder-pixel.png\" data-src=\"https:\/\/guide-strasbourg.de\/wp-content\/uploads\/2018\/11\/slider06_x1000x500-640x400.jpg\" alt=\"\" title=\"\" class=\"easingslider-image easingslider-lazy\" \/><\/div><div class=\"easingslider-slide\"><img decoding=\"async\" src=\"https:\/\/guide-strasbourg.de\/wp-content\/plugins\/easing-slider\/assets\/images\/placeholder-pixel.png\" data-src=\"https:\/\/guide-strasbourg.de\/wp-content\/uploads\/2018\/11\/slider07_x1000x500-640x400.jpg\" alt=\"\" title=\"\" class=\"easingslider-image easingslider-lazy\" \/><\/div><\/div>\n<p>&nbsp;<\/p>\n<p>Propongo visitas guiadas en los museos siguientes en espa\u00f1ol, franc\u00e9s, alem\u00e1n o en ingl\u00e9s:<\/p>\n<ul>\n<li>Museo de Arte Moderno y Contempor\u00e1neo en Estrasburgo<\/li>\n<li>Aubette 1928 Hans Arp<\/li>\n<li>Museo Tomi Ungerer &#8211; Centro Internacional de Ilustraci\u00f3n<\/li>\n<li>Palais Rohan &#8211; Museo de Bellas Artes<\/li>\n<li>Palais Rohan &#8211; Museo de Artes Decorativas<\/li>\n<li>Museo Arqueol\u00f3gico Museo de Oeuvre Notre-Dame (museo de la Catedral Nuestra Se\u00f1ora)<\/li>\n<li>Museo Historico<\/li>\n<li>Museo Alsaciano<\/li>\n<\/ul>\n<p><strong>\u2028Exposiciones temporales:<\/strong><\/p>\n<p>&nbsp;<\/p>\n<ul>\n<li>\u00abMode d\u00b4emploi\u00bb -Museo de arte moderno y contempor\u00e1neo (hasta el 01.06.2025)<\/li>\n<li>\u00abArcheologie- Palais Rohan Galerie Heitz (hasta el final del verano 2025)<\/li>\n<li>\u00abEvidence\u00bb- Museo Tomi Ungerer (hasta el 28.09.2025)<\/li>\n<\/ul>\n<p>M\u00e1s informaciones sobre los museos de Estrasburgo y las exposiciones temporales:<\/p>\n<p><a href=\"https:\/\/de.musees.strasbourg.eu\" target=\"_blank\" rel=\"noopener\">https:\/\/de.musees.strasbourg.eu<\/a><\/p>\n<p><img loading=\"lazy\" decoding=\"async\" class=\"alignnone size-full wp-image-287\" src=\"https:\/\/guide-strasbourg.de\/wp-content\/uploads\/2018\/11\/slider01_x1000x500.jpg\" alt=\"\" width=\"1000\" height=\"500\" srcset=\"https:\/\/guide-strasbourg.de\/wp-content\/uploads\/2018\/11\/slider01_x1000x500.jpg 1000w, https:\/\/guide-strasbourg.de\/wp-content\/uploads\/2018\/11\/slider01_x1000x500-300x150.jpg 300w, https:\/\/guide-strasbourg.de\/wp-content\/uploads\/2018\/11\/slider01_x1000x500-768x384.jpg 768w, https:\/\/guide-strasbourg.de\/wp-content\/uploads\/2018\/11\/slider01_x1000x500-220x110.jpg 220w, https:\/\/guide-strasbourg.de\/wp-content\/uploads\/2018\/11\/slider01_x1000x500-355x178.jpg 355w, https:\/\/guide-strasbourg.de\/wp-content\/uploads\/2018\/11\/slider01_x1000x500-730x365.jpg 730w, https:\/\/guide-strasbourg.de\/wp-content\/uploads\/2018\/11\/slider01_x1000x500-90x45.jpg 90w\" sizes=\"auto, (max-width: 1000px) 100vw, 1000px\" \/><\/p>\n","protected":false},"excerpt":{"rendered":"<p>&nbsp; Propongo visitas guiadas en los museos siguientes en espa\u00f1ol, franc\u00e9s, alem\u00e1n o en ingl\u00e9s: Museo de Arte Moderno y Contempor\u00e1neo en Estrasburgo Aubette 1928 Hans Arp Museo Tomi Ungerer &#8211; Centro Internacional de Ilustraci\u00f3n Palais Rohan &#8211; Museo de &#8230; <a class=\"styledbutton\" href=\"https:\/\/guide-strasbourg.de\/es\/strassburg-2\/\">Read More<\/a><\/p>\n","protected":false},"author":3,"featured_media":0,"parent":0,"menu_order":0,"comment_status":"closed","ping_status":"closed","template":"","meta":{"footnotes":""},"class_list":["post-265","page","type-page","status-publish","hentry"],"translation":{"provider":"WPGlobus","version":"3.0.1","language":"es","enabled_languages":["de","en","fr","es"],"languages":{"de":{"title":true,"content":true,"excerpt":false},"en":{"title":true,"content":true,"excerpt":false},"fr":{"title":true,"content":true,"excerpt":false},"es":{"title":true,"content":true,"excerpt":false}}},"aioseo_notices":[],"_links":{"self":[{"href":"https:\/\/guide-strasbourg.de\/es\/wp-json\/wp\/v2\/pages\/265","targetHints":{"allow":["GET"]}}],"collection":[{"href":"https:\/\/guide-strasbourg.de\/es\/wp-json\/wp\/v2\/pages"}],"about":[{"href":"https:\/\/guide-strasbourg.de\/es\/wp-json\/wp\/v2\/types\/page"}],"author":[{"embeddable":true,"href":"https:\/\/guide-strasbourg.de\/es\/wp-json\/wp\/v2\/users\/3"}],"replies":[{"embeddable":true,"href":"https:\/\/guide-strasbourg.de\/es\/wp-json\/wp\/v2\/comments?post=265"}],"version-history":[{"count":5,"href":"https:\/\/guide-strasbourg.de\/es\/wp-json\/wp\/v2\/pages\/265\/revisions"}],"predecessor-version":[{"id":1022,"href":"https:\/\/guide-strasbourg.de\/es\/wp-json\/wp\/v2\/pages\/265\/revisions\/1022"}],"wp:attachment":[{"href":"https:\/\/guide-strasbourg.de\/es\/wp-json\/wp\/v2\/media?parent=265"}],"curies":[{"name":"wp","href":"https:\/\/api.w.org\/{rel}","templated":true}]}}