{"id":6,"date":"2016-09-05T17:20:37","date_gmt":"2016-09-05T15:20:37","guid":{"rendered":"http:\/\/guide-strasbourg.de\/?page_id=6"},"modified":"2025-02-17T14:22:42","modified_gmt":"2025-02-17T13:22:42","slug":"startseite","status":"publish","type":"page","link":"https:\/\/guide-strasbourg.de\/es\/","title":{"rendered":"Presentaci\u00f3n"},"content":{"rendered":"<style type=\"text\/css\">.easingslider-294 { width: 100%; }.easingslider-294 .easingslider-image { max-height: 400px; max-width: 640px; }.easingslider-294 .easingslider-fade-in, .easingslider-fade-out { -webkit-animation-duration: 400ms; -moz-animation-duration: 400ms; animation-duration: 400ms; }<\/style><script type=\"text\/javascript\">window.EasingSlider294 = {\"width\":640,\"height\":400,\"singleItem\":true,\"items\":1,\"itemsDesktop\":false,\"itemsDesktopSmall\":false,\"itemsTablet\":false,\"itemsTabletSmall\":false,\"itemsMobile\":false,\"responsive\":true,\"lazyLoad\":true,\"autoPlay\":4000,\"slideSpeed\":400,\"navigation\":true,\"navigationText\":[\"\",\"\"],\"pagination\":true,\"autoHeight\":false,\"mouseDrag\":false,\"touchDrag\":false,\"addClassActive\":true,\"transitionStyle\":\"fade\"};<\/script><div data-id=\"294\" class=\"easingslider easingslider-294 easingslider-container easingslider-full-width easingslider-resizing-enabled easingslider-aspect-ratio easingslider-arrows-inside easingslider-pagination-inside easingslider-pagination-bottom-center\"><div class=\"easingslider-slide\"><img decoding=\"async\" src=\"https:\/\/guide-strasbourg.de\/wp-content\/plugins\/easing-slider\/assets\/images\/placeholder-pixel.png\" data-src=\"https:\/\/guide-strasbourg.de\/wp-content\/uploads\/2018\/11\/slider01_x1000x500-640x400.jpg\" alt=\"\" title=\"\" class=\"easingslider-image easingslider-lazy\" \/><\/div><div class=\"easingslider-slide\"><img decoding=\"async\" src=\"https:\/\/guide-strasbourg.de\/wp-content\/plugins\/easing-slider\/assets\/images\/placeholder-pixel.png\" data-src=\"https:\/\/guide-strasbourg.de\/wp-content\/uploads\/2018\/11\/slider03_x1000x500-640x400.jpg\" alt=\"\" title=\"\" class=\"easingslider-image easingslider-lazy\" \/><\/div><div class=\"easingslider-slide\"><img decoding=\"async\" src=\"https:\/\/guide-strasbourg.de\/wp-content\/plugins\/easing-slider\/assets\/images\/placeholder-pixel.png\" data-src=\"https:\/\/guide-strasbourg.de\/wp-content\/uploads\/2018\/11\/slider02_x1000x500-640x400.jpg\" alt=\"\" title=\"\" class=\"easingslider-image easingslider-lazy\" \/><\/div><div class=\"easingslider-slide\"><img decoding=\"async\" src=\"https:\/\/guide-strasbourg.de\/wp-content\/plugins\/easing-slider\/assets\/images\/placeholder-pixel.png\" data-src=\"https:\/\/guide-strasbourg.de\/wp-content\/uploads\/2018\/11\/slider04_x1000x500-640x400.jpg\" alt=\"\" title=\"\" class=\"easingslider-image easingslider-lazy\" \/><\/div><div class=\"easingslider-slide\"><img decoding=\"async\" src=\"https:\/\/guide-strasbourg.de\/wp-content\/plugins\/easing-slider\/assets\/images\/placeholder-pixel.png\" data-src=\"https:\/\/guide-strasbourg.de\/wp-content\/uploads\/2018\/11\/slider05_x1000x500-640x400.jpg\" alt=\"\" title=\"\" class=\"easingslider-image easingslider-lazy\" \/><\/div><div class=\"easingslider-slide\"><img decoding=\"async\" src=\"https:\/\/guide-strasbourg.de\/wp-content\/plugins\/easing-slider\/assets\/images\/placeholder-pixel.png\" data-src=\"https:\/\/guide-strasbourg.de\/wp-content\/uploads\/2018\/11\/slider06_x1000x500-640x400.jpg\" alt=\"\" title=\"\" class=\"easingslider-image easingslider-lazy\" \/><\/div><div class=\"easingslider-slide\"><img decoding=\"async\" src=\"https:\/\/guide-strasbourg.de\/wp-content\/plugins\/easing-slider\/assets\/images\/placeholder-pixel.png\" data-src=\"https:\/\/guide-strasbourg.de\/wp-content\/uploads\/2018\/11\/slider07_x1000x500-640x400.jpg\" alt=\"\" title=\"\" class=\"easingslider-image easingslider-lazy\" \/><\/div><\/div>\n<p>&nbsp;<\/p>\n<p>Bonjour, Bienvenidos a todos,<\/p>\n<p>Me llamo R\u00e9gine Baumg\u00e4rtner. Soy gu\u00eda conferenciante \/ int\u00e9rprete nacional en espa\u00f1ol, franc\u00e9s, alem\u00e1n y ingl\u00e9s. Soy miembro:<\/p>\n<ul>\n<li>del Departamento Educativo de los Museos de Estrasburgo<\/li>\n<li>del Departamento de Arquitectura y Patrimonio cultural de Estrasburgo<\/li>\n<li>de la Oficina de Turismo de Estrasburgo\/Alsacia.<\/li>\n<\/ul>\n<p>Ser\u00eda un placer guiarle en Alsacia, Estrasburgo y Colmar y presentarle los museos de Estrasburgo y Colmar, as\u00ed como las exposiciones temporales.<\/p>\n<p>Para m\u00e1s informaci\u00f3n o reservas, puede contactarme por email:<br \/>\nregine.baumgartner@orange.fr\u00a0 o por tel\u00e9fono: +33 (0) 6 84 55 91 55.<\/p>\n<p><strong>\u2028Visitas guiadas:<\/strong><\/p>\n<p><strong>Visitas guiadas Estrasburgo: Patrimonio Mondial de la UNESCO<\/strong><\/p>\n<p><img loading=\"lazy\" decoding=\"async\" class=\"alignnone size-full wp-image-289\" src=\"https:\/\/guide-strasbourg.de\/wp-content\/uploads\/2018\/11\/slider03_x1000x500.jpg\" alt=\"\" width=\"1000\" height=\"500\" srcset=\"https:\/\/guide-strasbourg.de\/wp-content\/uploads\/2018\/11\/slider03_x1000x500.jpg 1000w, https:\/\/guide-strasbourg.de\/wp-content\/uploads\/2018\/11\/slider03_x1000x500-300x150.jpg 300w, https:\/\/guide-strasbourg.de\/wp-content\/uploads\/2018\/11\/slider03_x1000x500-768x384.jpg 768w, https:\/\/guide-strasbourg.de\/wp-content\/uploads\/2018\/11\/slider03_x1000x500-220x110.jpg 220w, https:\/\/guide-strasbourg.de\/wp-content\/uploads\/2018\/11\/slider03_x1000x500-355x178.jpg 355w, https:\/\/guide-strasbourg.de\/wp-content\/uploads\/2018\/11\/slider03_x1000x500-730x365.jpg 730w, https:\/\/guide-strasbourg.de\/wp-content\/uploads\/2018\/11\/slider03_x1000x500-90x45.jpg 90w\" sizes=\"auto, (max-width: 1000px) 100vw, 1000px\" \/><\/p>\n<ul>\n<li>Visitas guiadas tradicionales: Catedral, casco antiguo, visitas guiadas en su autob\u00fas, &#8230;<\/li>\n<li>Visitas tem\u00e1ticas: distrito europeo, distrito Neustadt, la Catedral, &#8230;<\/li>\n<li>Sitios hist\u00f3ricos: mikv\u00e9, &#8230;<\/li>\n<li>Visitas guiadas en museos: Museo de Arte Moderno y Contempor\u00e1neo, Museo Tomi Ungerer, &#8230;<\/li>\n<li>Exposiciones temporales: Faile, Tomi Ungerer et le dessin de presse satirique<\/li>\n<\/ul>\n<p><a href=\"https:\/\/guide-strasbourg.de\/es\/strassburg\/\">M\u00e1s informaci\u00f3n \u2026<\/a><\/p>\n<p><strong>Visitas guiadas Colmar<\/strong><\/p>\n<p><img loading=\"lazy\" decoding=\"async\" class=\"alignnone size-full wp-image-293\" src=\"https:\/\/guide-strasbourg.de\/wp-content\/uploads\/2018\/11\/slider07_x1000x500.jpg\" alt=\"\" width=\"1000\" height=\"500\" srcset=\"https:\/\/guide-strasbourg.de\/wp-content\/uploads\/2018\/11\/slider07_x1000x500.jpg 1000w, https:\/\/guide-strasbourg.de\/wp-content\/uploads\/2018\/11\/slider07_x1000x500-300x150.jpg 300w, https:\/\/guide-strasbourg.de\/wp-content\/uploads\/2018\/11\/slider07_x1000x500-768x384.jpg 768w, https:\/\/guide-strasbourg.de\/wp-content\/uploads\/2018\/11\/slider07_x1000x500-220x110.jpg 220w, https:\/\/guide-strasbourg.de\/wp-content\/uploads\/2018\/11\/slider07_x1000x500-355x178.jpg 355w, https:\/\/guide-strasbourg.de\/wp-content\/uploads\/2018\/11\/slider07_x1000x500-730x365.jpg 730w, https:\/\/guide-strasbourg.de\/wp-content\/uploads\/2018\/11\/slider07_x1000x500-90x45.jpg 90w\" sizes=\"auto, (max-width: 1000px) 100vw, 1000px\" \/><\/p>\n<ul>\n<li>Visitas guiadas tradicionales: casco antiguo, Peque\u00f1a Venecia, etc.<\/li>\n<li>Obras artisticas: Retablo de Issenheim, Virgen del Rosal, etc.<\/li>\n<li>Visitas guiadas en museos: Museo Unterlinden, Museo Bartholdi, Iglesia de los Dominicos, etc.<\/li>\n<\/ul>\n<p><a href=\"https:\/\/guide-strasbourg.de\/es\/colmar\/\">M\u00e1s informaci\u00f3n \u2026<\/a><\/p>\n<p><strong>\u2028Visitas guiadas en Alsacia<\/strong><\/p>\n<ul>\n<li>Excursiones de medio d\u00eda: Mont Saint-Odile, Obernai, Haut-Koenigsbourg, etc.<\/li>\n<li>Excursiones de un d\u00eda: Ruta del Vino, Ruta Romana, etc.<\/li>\n<\/ul>\n<p><a href=\"https:\/\/guide-strasbourg.de\/es\/elsass\/\">M\u00e1s informaci\u00f3n \u2026<\/a><\/p>\n<p>No dude en <a href=\"https:\/\/guide-strasbourg.de\/es\/kontakt\/\">contactar<\/a> me si necesita m\u00e1s informaci\u00f3n.<\/p>\n<p>Muy atentamente,<\/p>\n<p><strong>R\u00e9gine Baumg\u00e4rtner<\/strong><\/p>\n","protected":false},"excerpt":{"rendered":"<p>&nbsp; Bonjour, Bienvenidos a todos, Me llamo R\u00e9gine Baumg\u00e4rtner. Soy gu\u00eda conferenciante \/ int\u00e9rprete nacional en espa\u00f1ol, franc\u00e9s, alem\u00e1n y ingl\u00e9s. Soy miembro: del Departamento Educativo de los Museos de Estrasburgo del Departamento de Arquitectura y Patrimonio cultural de Estrasburgo &#8230; <a class=\"styledbutton\" href=\"https:\/\/guide-strasbourg.de\/es\/\">Read More<\/a><\/p>\n","protected":false},"author":3,"featured_media":0,"parent":0,"menu_order":0,"comment_status":"closed","ping_status":"closed","template":"","meta":{"footnotes":""},"class_list":["post-6","page","type-page","status-publish","hentry"],"translation":{"provider":"WPGlobus","version":"3.0.1","language":"es","enabled_languages":["de","en","fr","es"],"languages":{"de":{"title":true,"content":true,"excerpt":false},"en":{"title":true,"content":true,"excerpt":false},"fr":{"title":true,"content":true,"excerpt":false},"es":{"title":true,"content":true,"excerpt":false}}},"aioseo_notices":[],"_links":{"self":[{"href":"https:\/\/guide-strasbourg.de\/es\/wp-json\/wp\/v2\/pages\/6","targetHints":{"allow":["GET"]}}],"collection":[{"href":"https:\/\/guide-strasbourg.de\/es\/wp-json\/wp\/v2\/pages"}],"about":[{"href":"https:\/\/guide-strasbourg.de\/es\/wp-json\/wp\/v2\/types\/page"}],"author":[{"embeddable":true,"href":"https:\/\/guide-strasbourg.de\/es\/wp-json\/wp\/v2\/users\/3"}],"replies":[{"embeddable":true,"href":"https:\/\/guide-strasbourg.de\/es\/wp-json\/wp\/v2\/comments?post=6"}],"version-history":[{"count":5,"href":"https:\/\/guide-strasbourg.de\/es\/wp-json\/wp\/v2\/pages\/6\/revisions"}],"predecessor-version":[{"id":1053,"href":"https:\/\/guide-strasbourg.de\/es\/wp-json\/wp\/v2\/pages\/6\/revisions\/1053"}],"wp:attachment":[{"href":"https:\/\/guide-strasbourg.de\/es\/wp-json\/wp\/v2\/media?parent=6"}],"curies":[{"name":"wp","href":"https:\/\/api.w.org\/{rel}","templated":true}]}}