{"id":11,"date":"2016-09-05T17:21:31","date_gmt":"2016-09-05T15:21:31","guid":{"rendered":"http:\/\/guide-strasbourg.de\/?page_id=11"},"modified":"2024-06-18T13:06:51","modified_gmt":"2024-06-18T11:06:51","slug":"kontakt","status":"publish","type":"page","link":"https:\/\/guide-strasbourg.de\/fr\/kontakt\/","title":{"rendered":"Contact"},"content":{"rendered":"<style type=\"text\/css\">.easingslider-294 { width: 100%; }.easingslider-294 .easingslider-image { max-height: 400px; max-width: 640px; }.easingslider-294 .easingslider-fade-in, .easingslider-fade-out { -webkit-animation-duration: 400ms; -moz-animation-duration: 400ms; animation-duration: 400ms; }<\/style><script type=\"text\/javascript\">window.EasingSlider294 = {\"width\":640,\"height\":400,\"singleItem\":true,\"items\":1,\"itemsDesktop\":false,\"itemsDesktopSmall\":false,\"itemsTablet\":false,\"itemsTabletSmall\":false,\"itemsMobile\":false,\"responsive\":true,\"lazyLoad\":true,\"autoPlay\":4000,\"slideSpeed\":400,\"navigation\":true,\"navigationText\":[\"\",\"\"],\"pagination\":true,\"autoHeight\":false,\"mouseDrag\":false,\"touchDrag\":false,\"addClassActive\":true,\"transitionStyle\":\"fade\"};<\/script><div data-id=\"294\" class=\"easingslider easingslider-294 easingslider-container easingslider-full-width easingslider-resizing-enabled easingslider-aspect-ratio easingslider-arrows-inside easingslider-pagination-inside easingslider-pagination-bottom-center\"><div class=\"easingslider-slide\"><img decoding=\"async\" src=\"https:\/\/guide-strasbourg.de\/wp-content\/plugins\/easing-slider\/assets\/images\/placeholder-pixel.png\" data-src=\"https:\/\/guide-strasbourg.de\/wp-content\/uploads\/2018\/11\/slider01_x1000x500-640x400.jpg\" alt=\"\" title=\"\" class=\"easingslider-image easingslider-lazy\" \/><\/div><div class=\"easingslider-slide\"><img decoding=\"async\" src=\"https:\/\/guide-strasbourg.de\/wp-content\/plugins\/easing-slider\/assets\/images\/placeholder-pixel.png\" data-src=\"https:\/\/guide-strasbourg.de\/wp-content\/uploads\/2018\/11\/slider03_x1000x500-640x400.jpg\" alt=\"\" title=\"\" class=\"easingslider-image easingslider-lazy\" \/><\/div><div class=\"easingslider-slide\"><img decoding=\"async\" src=\"https:\/\/guide-strasbourg.de\/wp-content\/plugins\/easing-slider\/assets\/images\/placeholder-pixel.png\" data-src=\"https:\/\/guide-strasbourg.de\/wp-content\/uploads\/2018\/11\/slider02_x1000x500-640x400.jpg\" alt=\"\" title=\"\" class=\"easingslider-image easingslider-lazy\" \/><\/div><div class=\"easingslider-slide\"><img decoding=\"async\" src=\"https:\/\/guide-strasbourg.de\/wp-content\/plugins\/easing-slider\/assets\/images\/placeholder-pixel.png\" data-src=\"https:\/\/guide-strasbourg.de\/wp-content\/uploads\/2018\/11\/slider04_x1000x500-640x400.jpg\" alt=\"\" title=\"\" class=\"easingslider-image easingslider-lazy\" \/><\/div><div class=\"easingslider-slide\"><img decoding=\"async\" src=\"https:\/\/guide-strasbourg.de\/wp-content\/plugins\/easing-slider\/assets\/images\/placeholder-pixel.png\" data-src=\"https:\/\/guide-strasbourg.de\/wp-content\/uploads\/2018\/11\/slider05_x1000x500-640x400.jpg\" alt=\"\" title=\"\" class=\"easingslider-image easingslider-lazy\" \/><\/div><div class=\"easingslider-slide\"><img decoding=\"async\" src=\"https:\/\/guide-strasbourg.de\/wp-content\/plugins\/easing-slider\/assets\/images\/placeholder-pixel.png\" data-src=\"https:\/\/guide-strasbourg.de\/wp-content\/uploads\/2018\/11\/slider06_x1000x500-640x400.jpg\" alt=\"\" title=\"\" class=\"easingslider-image easingslider-lazy\" \/><\/div><div class=\"easingslider-slide\"><img decoding=\"async\" src=\"https:\/\/guide-strasbourg.de\/wp-content\/plugins\/easing-slider\/assets\/images\/placeholder-pixel.png\" data-src=\"https:\/\/guide-strasbourg.de\/wp-content\/uploads\/2018\/11\/slider07_x1000x500-640x400.jpg\" alt=\"\" title=\"\" class=\"easingslider-image easingslider-lazy\" \/><\/div><\/div>\n<p>&nbsp;<\/p>\n<p>C\u2019est avec grand plaisir que je vous guiderais \u00e0 Strasbourg ou \u00e0 Colmar.<br \/>\nN\u2019h\u00e9sitez pas \u00e0 me contacter par t\u00e9l\u00e9phone ou par mail.<br \/>\nA tr\u00e8s bient\u00f4t, bien cordialement<br \/>\nR\u00e9gine Baumg\u00e4rtner<\/p>\n<p><strong>R\u00e9gine Baumg\u00e4rtner<\/strong><br \/>\nGuide Conf\u00e9rencier\/ Guide Interpr\u00e8te National<br \/>\n29 Rue du G\u00e9n\u00e9ral Offenstein<br \/>\n67100 Strasbourg<\/p>\n<p>T\u00e9l\u00e9phone : +33 (0) 6 84 55 91 55<br \/>\nMail: <a href=\"mailto:regine.baumgartner@orange.fr\">regine.baumgartner@orange.fr<\/a><\/p>\n","protected":false},"excerpt":{"rendered":"<p>&nbsp; C\u2019est avec grand plaisir que je vous guiderais \u00e0 Strasbourg ou \u00e0 Colmar. N\u2019h\u00e9sitez pas \u00e0 me contacter par t\u00e9l\u00e9phone ou par mail. A tr\u00e8s bient\u00f4t, bien cordialement R\u00e9gine Baumg\u00e4rtner R\u00e9gine Baumg\u00e4rtner Guide Conf\u00e9rencier\/ Guide Interpr\u00e8te National 29 Rue &#8230; <a class=\"styledbutton\" href=\"https:\/\/guide-strasbourg.de\/fr\/kontakt\/\">Read More<\/a><\/p>\n","protected":false},"author":3,"featured_media":0,"parent":0,"menu_order":0,"comment_status":"closed","ping_status":"closed","template":"","meta":{"footnotes":""},"class_list":["post-11","page","type-page","status-publish","hentry"],"translation":{"provider":"WPGlobus","version":"3.0.1","language":"fr","enabled_languages":["de","en","fr","es"],"languages":{"de":{"title":true,"content":true,"excerpt":false},"en":{"title":true,"content":true,"excerpt":false},"fr":{"title":true,"content":true,"excerpt":false},"es":{"title":true,"content":true,"excerpt":false}}},"aioseo_notices":[],"_links":{"self":[{"href":"https:\/\/guide-strasbourg.de\/fr\/wp-json\/wp\/v2\/pages\/11","targetHints":{"allow":["GET"]}}],"collection":[{"href":"https:\/\/guide-strasbourg.de\/fr\/wp-json\/wp\/v2\/pages"}],"about":[{"href":"https:\/\/guide-strasbourg.de\/fr\/wp-json\/wp\/v2\/types\/page"}],"author":[{"embeddable":true,"href":"https:\/\/guide-strasbourg.de\/fr\/wp-json\/wp\/v2\/users\/3"}],"replies":[{"embeddable":true,"href":"https:\/\/guide-strasbourg.de\/fr\/wp-json\/wp\/v2\/comments?post=11"}],"version-history":[{"count":5,"href":"https:\/\/guide-strasbourg.de\/fr\/wp-json\/wp\/v2\/pages\/11\/revisions"}],"predecessor-version":[{"id":972,"href":"https:\/\/guide-strasbourg.de\/fr\/wp-json\/wp\/v2\/pages\/11\/revisions\/972"}],"wp:attachment":[{"href":"https:\/\/guide-strasbourg.de\/fr\/wp-json\/wp\/v2\/media?parent=11"}],"curies":[{"name":"wp","href":"https:\/\/api.w.org\/{rel}","templated":true}]}}