{"id":119,"date":"2018-06-05T17:34:32","date_gmt":"2018-06-05T15:34:32","guid":{"rendered":"http:\/\/guide-strasbourg.de\/?page_id=119"},"modified":"2021-03-12T16:58:55","modified_gmt":"2021-03-12T15:58:55","slug":"colmar","status":"publish","type":"page","link":"https:\/\/guide-strasbourg.de\/fr\/colmar\/","title":{"rendered":"Colmar"},"content":{"rendered":"\n\t\t<style type=\"text\/css\">\n\t\t\t#gallery-1 {\n\t\t\t\tmargin: auto;\n\t\t\t}\n\t\t\t#gallery-1 .gallery-item {\n\t\t\t\tfloat: left;\n\t\t\t\tmargin-top: 10px;\n\t\t\t\ttext-align: center;\n\t\t\t\twidth: 50%;\n\t\t\t}\n\t\t\t#gallery-1 img {\n\t\t\t\tborder: 2px solid #cfcfcf;\n\t\t\t}\n\t\t\t#gallery-1 .gallery-caption {\n\t\t\t\tmargin-left: 0;\n\t\t\t}\n\t\t\t\/* see gallery_shortcode() in wp-includes\/media.php *\/\n\t\t<\/style>\n\t\t<div id='gallery-1' class='gallery galleryid-119 gallery-columns-2 gallery-size-large'><dl class='gallery-item'>\n\t\t\t<dt class='gallery-icon landscape'>\n\t\t\t\t<a href='https:\/\/guide-strasbourg.de\/wp-content\/uploads\/2018\/06\/colmar-1725472_640.jpg'><img loading=\"lazy\" decoding=\"async\" width=\"640\" height=\"426\" src=\"https:\/\/guide-strasbourg.de\/wp-content\/uploads\/2018\/06\/colmar-1725472_640.jpg\" class=\"attachment-large size-large\" alt=\"\" srcset=\"https:\/\/guide-strasbourg.de\/wp-content\/uploads\/2018\/06\/colmar-1725472_640.jpg 640w, https:\/\/guide-strasbourg.de\/wp-content\/uploads\/2018\/06\/colmar-1725472_640-300x200.jpg 300w, https:\/\/guide-strasbourg.de\/wp-content\/uploads\/2018\/06\/colmar-1725472_640-220x146.jpg 220w, https:\/\/guide-strasbourg.de\/wp-content\/uploads\/2018\/06\/colmar-1725472_640-355x236.jpg 355w, https:\/\/guide-strasbourg.de\/wp-content\/uploads\/2018\/06\/colmar-1725472_640-90x60.jpg 90w\" sizes=\"auto, (max-width: 640px) 100vw, 640px\" \/><\/a>\n\t\t\t<\/dt><\/dl><dl class='gallery-item'>\n\t\t\t<dt class='gallery-icon landscape'>\n\t\t\t\t<a href='https:\/\/guide-strasbourg.de\/wp-content\/uploads\/2018\/06\/colmar-2779599_640.jpg'><img loading=\"lazy\" decoding=\"async\" width=\"640\" height=\"425\" src=\"https:\/\/guide-strasbourg.de\/wp-content\/uploads\/2018\/06\/colmar-2779599_640.jpg\" class=\"attachment-large size-large\" alt=\"\" srcset=\"https:\/\/guide-strasbourg.de\/wp-content\/uploads\/2018\/06\/colmar-2779599_640.jpg 640w, https:\/\/guide-strasbourg.de\/wp-content\/uploads\/2018\/06\/colmar-2779599_640-300x199.jpg 300w, https:\/\/guide-strasbourg.de\/wp-content\/uploads\/2018\/06\/colmar-2779599_640-220x146.jpg 220w, https:\/\/guide-strasbourg.de\/wp-content\/uploads\/2018\/06\/colmar-2779599_640-355x236.jpg 355w, https:\/\/guide-strasbourg.de\/wp-content\/uploads\/2018\/06\/colmar-2779599_640-90x60.jpg 90w\" sizes=\"auto, (max-width: 640px) 100vw, 640px\" \/><\/a>\n\t\t\t<\/dt><\/dl><br style=\"clear: both\" \/>\n\t\t<\/div>\n\n<p>Colmar se trouve au centre du vignoble alsacien. La ville est connue pour son architecture intacte et ses mus\u00e9es. Colmar est la ville natale d\u2019artistes c\u00e9l\u00e8bres tels Martin Schongauer, Auguste Bartholdi et Hansi.<\/p>\n<p>Je propose des visites guid\u00e9es dans la ville en fran\u00e7ais, allemand, anglais et espagnol.<br \/>\nLes visites guid\u00e9es peuvent se faire \u00e0 pied ou avec vos v\u00e9los.<\/p>\n<p><strong>Visites guid\u00e9es traditionnelles de Colmar<\/strong><\/p>\n<ul>\n<li>La Vieille Ville\u00a0: Petite Venise, Koifhus, Statue de Bartholdi, etc.<\/li>\n<li>Coll\u00e9giale Saint-Martin<\/li>\n<li>La Ville Nouvelle\/ Neustadt<\/li>\n<\/ul>\n<p><strong>Visites th\u00e9matiques de Colmar<\/strong><\/p>\n<ul>\n<li>Personnalit\u00e9s : sur les pas d\u2019Auguste Bartholdi<\/li>\n<li>Architecture : Gothique, Renaissance, b\u00e2timents fran\u00e7ais du 18\u00e8me si\u00e8cle<\/li>\n<li>Traditions de Noel : March\u00e9s de Noel<\/li>\n<li>Les corporations \u00e0 Colmar<\/li>\n<\/ul>\n<p><strong>Visites guid\u00e9es dans les mus\u00e9es<\/strong><\/p>\n<p>Pour les visites guid\u00e9es dans les mus\u00e9es de Colmar<br \/>\net les expositions temporaires, <a href=\"https:\/\/guide-strasbourg.de\/fr\/colmar-2\/\">cliquez ici<\/a><\/p>\n<p><strong>T\u00e9l\u00e9chargement\u00a0: Plan de Colmar<\/strong><br \/>\n(Mis \u00e0 disposition par l\u2019Office de Tourisme Colmar \u2013 www.ot-colmar.fr)<\/p>\n<div class=\"ead-preview\"><div class=\"ead-document\" style=\"position: relative;padding-top: 90%;\"><div class=\"ead-iframe-wrapper\"><iframe src=\"\/\/docs.google.com\/viewer?url=https%3A%2F%2Fguide-strasbourg.de%2Fwp-content%2Fuploads%2F2018%2F06%2Fstadtplan_colmar.pdf&amp;embedded=true&amp;hl=en\" title=\"Document embarqu\u00e9\" class=\"ead-iframe\" style=\"width: 100%;height: 100%;border: none;position: absolute;left: 0;top: 0;visibility: hidden;\"><\/iframe><\/div>\t\t\t<div class=\"ead-document-loading\" style=\"width:100%;height:100%;position:absolute;left:0;top:0;z-index:10;\">\n\t\t\t\t<div class=\"ead-loading-wrap\">\n\t\t\t\t\t<div class=\"ead-loading-main\">\n\t\t\t\t\t\t<div class=\"ead-loading\">\n\t\t\t\t\t\t\t<img loading=\"lazy\" decoding=\"async\" src=\"https:\/\/guide-strasbourg.de\/wp-content\/plugins\/embed-any-document\/images\/loading.svg\" width=\"55\" height=\"55\" alt=\"Chargeur\">\n\t\t\t\t\t\t\t<span>En cours de chargement&hellip;<\/span>\n\t\t\t\t\t\t<\/div>\n\t\t\t\t\t<\/div>\n\t\t\t\t\t<div class=\"ead-loading-foot\">\n\t\t\t\t\t\t<div class=\"ead-loading-foot-title\">\n\t\t\t\t\t\t\t<img loading=\"lazy\" decoding=\"async\" src=\"https:\/\/guide-strasbourg.de\/wp-content\/plugins\/embed-any-document\/images\/EAD-logo.svg\" alt=\"Logo EAD\" width=\"36\" height=\"23\"\/>\n\t\t\t\t\t\t\t<span>Cela prend trop de temps\u00a0?<\/span>\n\t\t\t\t\t\t<\/div>\n\t\t\t\t\t\t<p>\n\t\t\t\t\t\t\t<div class=\"ead-document-btn ead-reload-btn\" role=\"button\">\n\t\t\t\t\t\t\t\t<img loading=\"lazy\" decoding=\"async\" src=\"https:\/\/guide-strasbourg.de\/wp-content\/plugins\/embed-any-document\/images\/reload.svg\" alt=\"Recharger\" width=\"12\" height=\"12\"\/> Recharger le document\t\t\t\t\t\t\t<\/div>\n\t\t\t\t\t\t\t<span>|<\/span>\n\t\t\t\t\t\t\t<a href=\"https:\/\/guide-strasbourg.de\/wp-content\/uploads\/2018\/06\/stadtplan_colmar.pdf\" class=\"ead-document-btn\" target=\"_blank\">\n\t\t\t\t\t\t\t\t<img loading=\"lazy\" decoding=\"async\" src=\"https:\/\/guide-strasbourg.de\/wp-content\/plugins\/embed-any-document\/images\/open.svg\" alt=\"Ouvert\" width=\"12\" height=\"12\"\/> Ouvrir dans un nouvel onglet\t\t\t\t\t\t\t<\/a>\n\t\t\t\t\t<\/div>\n\t\t\t\t<\/div>\n\t\t\t<\/div>\n\t\t<\/div><p class=\"embed_download\"><a href=\"https:\/\/guide-strasbourg.de\/wp-content\/uploads\/2018\/06\/stadtplan_colmar.pdf\" download>Download [640.46 KB] <\/a><\/p><\/div>\n","protected":false},"excerpt":{"rendered":"<p>Colmar se trouve au centre du vignoble alsacien. La ville est connue pour son architecture intacte et ses mus\u00e9es. Colmar est la ville natale d\u2019artistes c\u00e9l\u00e8bres tels Martin Schongauer, Auguste Bartholdi et Hansi. Je propose des visites guid\u00e9es dans la &#8230; <a class=\"styledbutton\" href=\"https:\/\/guide-strasbourg.de\/fr\/colmar\/\">Read More<\/a><\/p>\n","protected":false},"author":3,"featured_media":0,"parent":0,"menu_order":0,"comment_status":"closed","ping_status":"closed","template":"","meta":{"footnotes":""},"class_list":["post-119","page","type-page","status-publish","hentry"],"translation":{"provider":"WPGlobus","version":"3.0.1","language":"fr","enabled_languages":["de","en","fr","es"],"languages":{"de":{"title":true,"content":true,"excerpt":false},"en":{"title":true,"content":true,"excerpt":false},"fr":{"title":true,"content":true,"excerpt":false},"es":{"title":true,"content":true,"excerpt":false}}},"aioseo_notices":[],"_links":{"self":[{"href":"https:\/\/guide-strasbourg.de\/fr\/wp-json\/wp\/v2\/pages\/119","targetHints":{"allow":["GET"]}}],"collection":[{"href":"https:\/\/guide-strasbourg.de\/fr\/wp-json\/wp\/v2\/pages"}],"about":[{"href":"https:\/\/guide-strasbourg.de\/fr\/wp-json\/wp\/v2\/types\/page"}],"author":[{"embeddable":true,"href":"https:\/\/guide-strasbourg.de\/fr\/wp-json\/wp\/v2\/users\/3"}],"replies":[{"embeddable":true,"href":"https:\/\/guide-strasbourg.de\/fr\/wp-json\/wp\/v2\/comments?post=119"}],"version-history":[{"count":4,"href":"https:\/\/guide-strasbourg.de\/fr\/wp-json\/wp\/v2\/pages\/119\/revisions"}],"predecessor-version":[{"id":1017,"href":"https:\/\/guide-strasbourg.de\/fr\/wp-json\/wp\/v2\/pages\/119\/revisions\/1017"}],"wp:attachment":[{"href":"https:\/\/guide-strasbourg.de\/fr\/wp-json\/wp\/v2\/media?parent=119"}],"curies":[{"name":"wp","href":"https:\/\/api.w.org\/{rel}","templated":true}]}}