{"id":138,"date":"2018-06-05T17:58:14","date_gmt":"2018-06-05T15:58:14","guid":{"rendered":"http:\/\/guide-strasbourg.de\/?page_id=138"},"modified":"2025-12-31T15:26:04","modified_gmt":"2025-12-31T14:26:04","slug":"honorar","status":"publish","type":"page","link":"https:\/\/guide-strasbourg.de\/fr\/honorar\/","title":{"rendered":"Honoraires"},"content":{"rendered":"<style type=\"text\/css\">.easingslider-294 { width: 100%; }.easingslider-294 .easingslider-image { max-height: 400px; max-width: 640px; }.easingslider-294 .easingslider-fade-in, .easingslider-fade-out { -webkit-animation-duration: 400ms; -moz-animation-duration: 400ms; animation-duration: 400ms; }<\/style><script type=\"text\/javascript\">window.EasingSlider294 = {\"width\":640,\"height\":400,\"singleItem\":true,\"items\":1,\"itemsDesktop\":false,\"itemsDesktopSmall\":false,\"itemsTablet\":false,\"itemsTabletSmall\":false,\"itemsMobile\":false,\"responsive\":true,\"lazyLoad\":true,\"autoPlay\":4000,\"slideSpeed\":400,\"navigation\":true,\"navigationText\":[\"\",\"\"],\"pagination\":true,\"autoHeight\":false,\"mouseDrag\":false,\"touchDrag\":false,\"addClassActive\":true,\"transitionStyle\":\"fade\"};<\/script><div data-id=\"294\" class=\"easingslider easingslider-294 easingslider-container easingslider-full-width easingslider-resizing-enabled easingslider-aspect-ratio easingslider-arrows-inside easingslider-pagination-inside easingslider-pagination-bottom-center\"><div class=\"easingslider-slide\"><img decoding=\"async\" src=\"https:\/\/guide-strasbourg.de\/wp-content\/plugins\/easing-slider\/assets\/images\/placeholder-pixel.png\" data-src=\"https:\/\/guide-strasbourg.de\/wp-content\/uploads\/2018\/11\/slider01_x1000x500-640x400.jpg\" alt=\"\" title=\"\" class=\"easingslider-image easingslider-lazy\" \/><\/div><div class=\"easingslider-slide\"><img decoding=\"async\" src=\"https:\/\/guide-strasbourg.de\/wp-content\/plugins\/easing-slider\/assets\/images\/placeholder-pixel.png\" data-src=\"https:\/\/guide-strasbourg.de\/wp-content\/uploads\/2018\/11\/slider03_x1000x500-640x400.jpg\" alt=\"\" title=\"\" class=\"easingslider-image easingslider-lazy\" \/><\/div><div class=\"easingslider-slide\"><img decoding=\"async\" src=\"https:\/\/guide-strasbourg.de\/wp-content\/plugins\/easing-slider\/assets\/images\/placeholder-pixel.png\" data-src=\"https:\/\/guide-strasbourg.de\/wp-content\/uploads\/2018\/11\/slider02_x1000x500-640x400.jpg\" alt=\"\" title=\"\" class=\"easingslider-image easingslider-lazy\" \/><\/div><div class=\"easingslider-slide\"><img decoding=\"async\" src=\"https:\/\/guide-strasbourg.de\/wp-content\/plugins\/easing-slider\/assets\/images\/placeholder-pixel.png\" data-src=\"https:\/\/guide-strasbourg.de\/wp-content\/uploads\/2018\/11\/slider04_x1000x500-640x400.jpg\" alt=\"\" title=\"\" class=\"easingslider-image easingslider-lazy\" \/><\/div><div class=\"easingslider-slide\"><img decoding=\"async\" src=\"https:\/\/guide-strasbourg.de\/wp-content\/plugins\/easing-slider\/assets\/images\/placeholder-pixel.png\" data-src=\"https:\/\/guide-strasbourg.de\/wp-content\/uploads\/2018\/11\/slider05_x1000x500-640x400.jpg\" alt=\"\" title=\"\" class=\"easingslider-image easingslider-lazy\" \/><\/div><div class=\"easingslider-slide\"><img decoding=\"async\" src=\"https:\/\/guide-strasbourg.de\/wp-content\/plugins\/easing-slider\/assets\/images\/placeholder-pixel.png\" data-src=\"https:\/\/guide-strasbourg.de\/wp-content\/uploads\/2018\/11\/slider06_x1000x500-640x400.jpg\" alt=\"\" title=\"\" class=\"easingslider-image easingslider-lazy\" \/><\/div><div class=\"easingslider-slide\"><img decoding=\"async\" src=\"https:\/\/guide-strasbourg.de\/wp-content\/plugins\/easing-slider\/assets\/images\/placeholder-pixel.png\" data-src=\"https:\/\/guide-strasbourg.de\/wp-content\/uploads\/2018\/11\/slider07_x1000x500-640x400.jpg\" alt=\"\" title=\"\" class=\"easingslider-image easingslider-lazy\" \/><\/div><\/div>\n<p>&nbsp;<\/p>\n<p>&nbsp;<\/p>\n<p><strong>Visites guid\u00e9es Strasbourg \u2013 Colmar &#8211; Alsace \/ 2026<\/strong><\/p>\n<table style=\"border-collapse: collapse; width: 100%; height: 264px;\" border=\"1\">\n<tbody>\n<tr style=\"height: 24px;\">\n<td style=\"width: 50%; height: 24px;\"><strong>Dur\u00e9e visite guid\u00e9e<\/strong><\/td>\n<td style=\"width: 50%; height: 24px;\"><strong>Prix<br \/>\n<\/strong><\/td>\n<\/tr>\n<tr>\n<td style=\"width: 50%;\">1 heure<\/td>\n<td style=\"width: 50%;\">135,00 \u20ac<\/td>\n<\/tr>\n<tr>\n<td style=\"width: 50%;\">1,5 heure<\/td>\n<td style=\"width: 50%;\">150,00 \u20ac<\/td>\n<\/tr>\n<tr>\n<td style=\"width: 50%;\">2 heures<\/td>\n<td style=\"width: 50%;\">165,00 \u20ac<\/td>\n<\/tr>\n<tr>\n<td style=\"width: 50%;\">3 heures<\/td>\n<td style=\"width: 50%;\">195,00 \u20ac<\/td>\n<\/tr>\n<tr>\n<td style=\"width: 50%;\">Demi-journ\u00e9e \/ jusqu&rsquo;\u00e0 4 heures<\/td>\n<td style=\"width: 50%;\">230,00 \u20ac<\/td>\n<\/tr>\n<tr>\n<td style=\"width: 50%;\">Journ\u00e9e compl\u00e8te \/ jusqu&rsquo;\u00e0 8 heures<\/td>\n<td style=\"width: 50%;\">435,00 \u20ac<\/td>\n<\/tr>\n<tr>\n<td style=\"width: 50%;\">Journ\u00e9e compl\u00e8te \/ jusqu&rsquo;\u00e0 9 heures<\/td>\n<td style=\"width: 50%;\">465,00 \u20ac<\/td>\n<\/tr>\n<\/tbody>\n<\/table>\n<p>Moyens de paiement: esp\u00e8ces, ch\u00e8que ou virement bancaire avant le d\u00e9but des prestations.<\/p>\n<p>TVA non applicable art. 293 B du CGI.<\/p>\n<p>Frais de d\u00e9placements hors Strasbourg: forfait + 15 \u20ac<\/p>\n<p>Prix du billet d\u2019entr\u00e9e dans les mus\u00e9es non inclus.<\/p>\n","protected":false},"excerpt":{"rendered":"<p>&nbsp; &nbsp; Visites guid\u00e9es Strasbourg \u2013 Colmar &#8211; Alsace \/ 2026 Dur\u00e9e visite guid\u00e9e Prix 1 heure 135,00 \u20ac 1,5 heure 150,00 \u20ac 2 heures 165,00 \u20ac 3 heures 195,00 \u20ac Demi-journ\u00e9e \/ jusqu&rsquo;\u00e0 4 heures 230,00 \u20ac Journ\u00e9e compl\u00e8te &#8230; <a class=\"styledbutton\" href=\"https:\/\/guide-strasbourg.de\/fr\/honorar\/\">Read More<\/a><\/p>\n","protected":false},"author":3,"featured_media":0,"parent":0,"menu_order":0,"comment_status":"closed","ping_status":"closed","template":"","meta":{"footnotes":""},"class_list":["post-138","page","type-page","status-publish","hentry"],"translation":{"provider":"WPGlobus","version":"3.0.1","language":"fr","enabled_languages":["de","en","fr","es"],"languages":{"de":{"title":true,"content":true,"excerpt":false},"en":{"title":true,"content":true,"excerpt":false},"fr":{"title":true,"content":true,"excerpt":false},"es":{"title":true,"content":true,"excerpt":false}}},"aioseo_notices":[],"_links":{"self":[{"href":"https:\/\/guide-strasbourg.de\/fr\/wp-json\/wp\/v2\/pages\/138","targetHints":{"allow":["GET"]}}],"collection":[{"href":"https:\/\/guide-strasbourg.de\/fr\/wp-json\/wp\/v2\/pages"}],"about":[{"href":"https:\/\/guide-strasbourg.de\/fr\/wp-json\/wp\/v2\/types\/page"}],"author":[{"embeddable":true,"href":"https:\/\/guide-strasbourg.de\/fr\/wp-json\/wp\/v2\/users\/3"}],"replies":[{"embeddable":true,"href":"https:\/\/guide-strasbourg.de\/fr\/wp-json\/wp\/v2\/comments?post=138"}],"version-history":[{"count":5,"href":"https:\/\/guide-strasbourg.de\/fr\/wp-json\/wp\/v2\/pages\/138\/revisions"}],"predecessor-version":[{"id":1051,"href":"https:\/\/guide-strasbourg.de\/fr\/wp-json\/wp\/v2\/pages\/138\/revisions\/1051"}],"wp:attachment":[{"href":"https:\/\/guide-strasbourg.de\/fr\/wp-json\/wp\/v2\/media?parent=138"}],"curies":[{"name":"wp","href":"https:\/\/api.w.org\/{rel}","templated":true}]}}