{"id":158,"date":"2018-06-05T18:25:20","date_gmt":"2018-06-05T16:25:20","guid":{"rendered":"http:\/\/guide-strasbourg.de\/?page_id=158"},"modified":"2018-06-05T18:30:39","modified_gmt":"2018-06-05T16:30:39","slug":"archaeologisches-museum","status":"publish","type":"page","link":"https:\/\/guide-strasbourg.de\/fr\/archaeologisches-museum\/","title":{"rendered":"Arch\u00e4ologisches Museum"},"content":{"rendered":"<p><strong>Kurzbeschreibung:<\/strong><\/p>\n<p>Das Arch\u00e4ologische Museum befindet sich seit Ende des 19. Jahrhunderts im Untergeschoss des Rohan-Schlosses. Es besitzt eine der umfangreichsten vor- und fr\u00fchgeschichtlichen Sammlungen Frankreichs. Sie reicht von der 600.000 Jahre zur\u00fcckliegenden Fr\u00fchgeschichte bis ins fr\u00fche Mittelalter (800 n. Chr.). Seit 1992 pr\u00e4sentiert sich das Museum seinen Besuchern mit einem komplett erneuerten Ausstellungsdesign.<\/p>\n<p>Bei Ausgrabungen unter Leitung des Regionalen Amtes f\u00fcr arch\u00e4ologische Forschung werden in Stra\u00dfburg und im Elsass regelm\u00e4\u00dfig neue Funde zutage gef\u00f6rdert. Sie flie\u00dfen in die Sammlung ein und werden der \u00d6ffentlichkeit jedes Jahr aktuell vorgestellt. Damit leistet das Arch\u00e4ologische Museum einen aktiven Beitrag zur arch\u00e4ologischen Forschung im rheinischen Raum.<\/p>\n<p>(Textausz\u00fcge von \u00a9 www.musees.strasbourg.eu)<\/p>\n","protected":false},"excerpt":{"rendered":"<p>Kurzbeschreibung: Das Arch\u00e4ologische Museum befindet sich seit Ende des 19. Jahrhunderts im Untergeschoss des Rohan-Schlosses. Es besitzt eine der umfangreichsten vor- und fr\u00fchgeschichtlichen Sammlungen Frankreichs. Sie reicht von der 600.000 Jahre zur\u00fcckliegenden Fr\u00fchgeschichte bis ins fr\u00fche Mittelalter (800 n. Chr.). &#8230; <a class=\"styledbutton\" href=\"https:\/\/guide-strasbourg.de\/fr\/archaeologisches-museum\/\">Read More<\/a><\/p>\n","protected":false},"author":3,"featured_media":0,"parent":0,"menu_order":0,"comment_status":"closed","ping_status":"closed","template":"","meta":{"footnotes":""},"class_list":["post-158","page","type-page","status-publish","hentry"],"translation":{"provider":"WPGlobus","version":"3.0.1","language":"fr","enabled_languages":["de","en","fr","es"],"languages":{"de":{"title":true,"content":true,"excerpt":false},"en":{"title":false,"content":false,"excerpt":false},"fr":{"title":false,"content":false,"excerpt":false},"es":{"title":false,"content":false,"excerpt":false}}},"aioseo_notices":[],"_links":{"self":[{"href":"https:\/\/guide-strasbourg.de\/fr\/wp-json\/wp\/v2\/pages\/158","targetHints":{"allow":["GET"]}}],"collection":[{"href":"https:\/\/guide-strasbourg.de\/fr\/wp-json\/wp\/v2\/pages"}],"about":[{"href":"https:\/\/guide-strasbourg.de\/fr\/wp-json\/wp\/v2\/types\/page"}],"author":[{"embeddable":true,"href":"https:\/\/guide-strasbourg.de\/fr\/wp-json\/wp\/v2\/users\/3"}],"replies":[{"embeddable":true,"href":"https:\/\/guide-strasbourg.de\/fr\/wp-json\/wp\/v2\/comments?post=158"}],"version-history":[{"count":1,"href":"https:\/\/guide-strasbourg.de\/fr\/wp-json\/wp\/v2\/pages\/158\/revisions"}],"predecessor-version":[{"id":1055,"href":"https:\/\/guide-strasbourg.de\/fr\/wp-json\/wp\/v2\/pages\/158\/revisions\/1055"}],"wp:attachment":[{"href":"https:\/\/guide-strasbourg.de\/fr\/wp-json\/wp\/v2\/media?parent=158"}],"curies":[{"name":"wp","href":"https:\/\/api.w.org\/{rel}","templated":true}]}}