{"id":161,"date":"2018-06-05T18:27:09","date_gmt":"2018-06-05T16:27:09","guid":{"rendered":"http:\/\/guide-strasbourg.de\/?page_id=161"},"modified":"2018-06-05T18:30:58","modified_gmt":"2018-06-05T16:30:58","slug":"schloss-rohan-kunstgewerbemuseum","status":"publish","type":"page","link":"https:\/\/guide-strasbourg.de\/fr\/schloss-rohan-kunstgewerbemuseum\/","title":{"rendered":"Schloss Rohan Kunstgewerbemuseum"},"content":{"rendered":"\n\t\t<style type=\"text\/css\">\n\t\t\t#gallery-1 {\n\t\t\t\tmargin: auto;\n\t\t\t}\n\t\t\t#gallery-1 .gallery-item {\n\t\t\t\tfloat: left;\n\t\t\t\tmargin-top: 10px;\n\t\t\t\ttext-align: center;\n\t\t\t\twidth: 33%;\n\t\t\t}\n\t\t\t#gallery-1 img {\n\t\t\t\tborder: 2px solid #cfcfcf;\n\t\t\t}\n\t\t\t#gallery-1 .gallery-caption {\n\t\t\t\tmargin-left: 0;\n\t\t\t}\n\t\t\t\/* see gallery_shortcode() in wp-includes\/media.php *\/\n\t\t<\/style>\n\t\t<div id='gallery-1' class='gallery galleryid-161 gallery-columns-3 gallery-size-large'><dl class='gallery-item'>\n\t\t\t<dt class='gallery-icon landscape'>\n\t\t\t\t<img loading=\"lazy\" decoding=\"async\" width=\"207\" height=\"121\" src=\"https:\/\/guide-strasbourg.de\/wp-content\/uploads\/2018\/06\/p007_1_00.jpg\" class=\"attachment-large size-large\" alt=\"\" srcset=\"https:\/\/guide-strasbourg.de\/wp-content\/uploads\/2018\/06\/p007_1_00.jpg 207w, https:\/\/guide-strasbourg.de\/wp-content\/uploads\/2018\/06\/p007_1_00-90x53.jpg 90w\" sizes=\"auto, (max-width: 207px) 100vw, 207px\" \/>\n\t\t\t<\/dt><\/dl><dl class='gallery-item'>\n\t\t\t<dt class='gallery-icon landscape'>\n\t\t\t\t<img loading=\"lazy\" decoding=\"async\" width=\"207\" height=\"112\" src=\"https:\/\/guide-strasbourg.de\/wp-content\/uploads\/2018\/06\/p007_1_01.jpg\" class=\"attachment-large size-large\" alt=\"\" srcset=\"https:\/\/guide-strasbourg.de\/wp-content\/uploads\/2018\/06\/p007_1_01.jpg 207w, https:\/\/guide-strasbourg.de\/wp-content\/uploads\/2018\/06\/p007_1_01-90x49.jpg 90w\" sizes=\"auto, (max-width: 207px) 100vw, 207px\" \/>\n\t\t\t<\/dt><\/dl><dl class='gallery-item'>\n\t\t\t<dt class='gallery-icon landscape'>\n\t\t\t\t<img loading=\"lazy\" decoding=\"async\" width=\"207\" height=\"124\" src=\"https:\/\/guide-strasbourg.de\/wp-content\/uploads\/2018\/06\/p007_1_03.jpg\" class=\"attachment-large size-large\" alt=\"\" srcset=\"https:\/\/guide-strasbourg.de\/wp-content\/uploads\/2018\/06\/p007_1_03.jpg 207w, https:\/\/guide-strasbourg.de\/wp-content\/uploads\/2018\/06\/p007_1_03-90x54.jpg 90w\" sizes=\"auto, (max-width: 207px) 100vw, 207px\" \/>\n\t\t\t<\/dt><\/dl><br style=\"clear: both\" \/>\n\t\t<\/div>\n\n<p><strong>Kurzbeschreibung:<\/strong><\/p>\n<p>Das Kunstgewerbemuseum befindet sich im Erdgeschoss des Rohan-Schlosses, der fr\u00fcheren Residenz der Stra\u00dfburger F\u00fcrstbisch\u00f6fe, die zwischen 1732 und 1742 vom Ersten Hofbaumeister Robert de Cotte errichtet wurde. Das Museum umfasst zwei Abschnitte: die prunkvollen Gem\u00e4cher der Rohan-Kardin\u00e4le und die von 1681 bis in die Mitte des 19. Jahrhunderts reichende Kunstgewerbesammlung (Hannong-Fayencen von internationalem Ruf, M\u00f6bel, Skulpturen und Gem\u00e4lde, Uhrmacherkunst, schmiedeeiserne und Goldschmiedearbeiten).<\/p>\n<p>Au\u00dferdem zeigt das Museum eine Auswahl des mechanischen Spielzeugs aus der Tomi-Ungerer-Stiftung<\/p>\n<p>(Textausz\u00fcge von \u00a9 www.musees.strasbourg.eu)<\/p>\n","protected":false},"excerpt":{"rendered":"<p>Kurzbeschreibung: Das Kunstgewerbemuseum befindet sich im Erdgeschoss des Rohan-Schlosses, der fr\u00fcheren Residenz der Stra\u00dfburger F\u00fcrstbisch\u00f6fe, die zwischen 1732 und 1742 vom Ersten Hofbaumeister Robert de Cotte errichtet wurde. Das Museum umfasst zwei Abschnitte: die prunkvollen Gem\u00e4cher der Rohan-Kardin\u00e4le und die &#8230; <a class=\"styledbutton\" href=\"https:\/\/guide-strasbourg.de\/fr\/schloss-rohan-kunstgewerbemuseum\/\">Read More<\/a><\/p>\n","protected":false},"author":3,"featured_media":0,"parent":0,"menu_order":0,"comment_status":"closed","ping_status":"closed","template":"","meta":{"footnotes":""},"class_list":["post-161","page","type-page","status-publish","hentry"],"translation":{"provider":"WPGlobus","version":"3.0.1","language":"fr","enabled_languages":["de","en","fr","es"],"languages":{"de":{"title":true,"content":true,"excerpt":false},"en":{"title":false,"content":false,"excerpt":false},"fr":{"title":false,"content":false,"excerpt":false},"es":{"title":false,"content":false,"excerpt":false}}},"aioseo_notices":[],"_links":{"self":[{"href":"https:\/\/guide-strasbourg.de\/fr\/wp-json\/wp\/v2\/pages\/161","targetHints":{"allow":["GET"]}}],"collection":[{"href":"https:\/\/guide-strasbourg.de\/fr\/wp-json\/wp\/v2\/pages"}],"about":[{"href":"https:\/\/guide-strasbourg.de\/fr\/wp-json\/wp\/v2\/types\/page"}],"author":[{"embeddable":true,"href":"https:\/\/guide-strasbourg.de\/fr\/wp-json\/wp\/v2\/users\/3"}],"replies":[{"embeddable":true,"href":"https:\/\/guide-strasbourg.de\/fr\/wp-json\/wp\/v2\/comments?post=161"}],"version-history":[{"count":0,"href":"https:\/\/guide-strasbourg.de\/fr\/wp-json\/wp\/v2\/pages\/161\/revisions"}],"wp:attachment":[{"href":"https:\/\/guide-strasbourg.de\/fr\/wp-json\/wp\/v2\/media?parent=161"}],"curies":[{"name":"wp","href":"https:\/\/api.w.org\/{rel}","templated":true}]}}