{"id":206,"date":"2018-06-05T18:47:15","date_gmt":"2018-06-05T16:47:15","guid":{"rendered":"http:\/\/guide-strasbourg.de\/?page_id=206"},"modified":"2018-06-05T18:53:03","modified_gmt":"2018-06-05T16:53:03","slug":"bartholdi-museum","status":"publish","type":"page","link":"https:\/\/guide-strasbourg.de\/fr\/bartholdi-museum\/","title":{"rendered":"Bartholdi Museum"},"content":{"rendered":"\n\t\t<style type=\"text\/css\">\n\t\t\t#gallery-1 {\n\t\t\t\tmargin: auto;\n\t\t\t}\n\t\t\t#gallery-1 .gallery-item {\n\t\t\t\tfloat: left;\n\t\t\t\tmargin-top: 10px;\n\t\t\t\ttext-align: center;\n\t\t\t\twidth: 50%;\n\t\t\t}\n\t\t\t#gallery-1 img {\n\t\t\t\tborder: 2px solid #cfcfcf;\n\t\t\t}\n\t\t\t#gallery-1 .gallery-caption {\n\t\t\t\tmargin-left: 0;\n\t\t\t}\n\t\t\t\/* see gallery_shortcode() in wp-includes\/media.php *\/\n\t\t<\/style>\n\t\t<div id='gallery-1' class='gallery galleryid-206 gallery-columns-2 gallery-size-full'><dl class='gallery-item'>\n\t\t\t<dt class='gallery-icon landscape'>\n\t\t\t\t<img loading=\"lazy\" decoding=\"async\" width=\"207\" height=\"155\" src=\"https:\/\/guide-strasbourg.de\/wp-content\/uploads\/2018\/06\/p015_1_00.jpg\" class=\"attachment-full size-full\" alt=\"\" srcset=\"https:\/\/guide-strasbourg.de\/wp-content\/uploads\/2018\/06\/p015_1_00.jpg 207w, https:\/\/guide-strasbourg.de\/wp-content\/uploads\/2018\/06\/p015_1_00-90x67.jpg 90w\" sizes=\"auto, (max-width: 207px) 100vw, 207px\" \/>\n\t\t\t<\/dt><\/dl><dl class='gallery-item'>\n\t\t\t<dt class='gallery-icon landscape'>\n\t\t\t\t<img loading=\"lazy\" decoding=\"async\" width=\"207\" height=\"136\" src=\"https:\/\/guide-strasbourg.de\/wp-content\/uploads\/2018\/06\/p015_1_01.jpg\" class=\"attachment-full size-full\" alt=\"\" srcset=\"https:\/\/guide-strasbourg.de\/wp-content\/uploads\/2018\/06\/p015_1_01.jpg 207w, https:\/\/guide-strasbourg.de\/wp-content\/uploads\/2018\/06\/p015_1_01-90x59.jpg 90w\" sizes=\"auto, (max-width: 207px) 100vw, 207px\" \/>\n\t\t\t<\/dt><\/dl><br style=\"clear: both\" \/>\n\t\t<\/div>\n\n<p>&nbsp;<\/p>\n<p><strong>Kurzbeschreibung:<\/strong><\/p>\n<p>Im Geburtshaus von Fr\u00e9d\u00e9ric Auguste Bartholdi befindet sich die bedeutendste Sammlung von seinen Werken. k\u00f6nnen dort Plastiken, Portr\u00e4tb\u00fcsten, Entw\u00fcrfe und Malerei sowie M\u00f6bel aus Familienbesitz und pers\u00f6nliche Erinnerungsst\u00fccke sehen.<\/p>\n<p>(Textausz\u00fcge von \u00a9 www.tourisme-colmar.com)<\/p>\n\n\t\t<style type=\"text\/css\">\n\t\t\t#gallery-2 {\n\t\t\t\tmargin: auto;\n\t\t\t}\n\t\t\t#gallery-2 .gallery-item {\n\t\t\t\tfloat: left;\n\t\t\t\tmargin-top: 10px;\n\t\t\t\ttext-align: center;\n\t\t\t\twidth: 50%;\n\t\t\t}\n\t\t\t#gallery-2 img {\n\t\t\t\tborder: 2px solid #cfcfcf;\n\t\t\t}\n\t\t\t#gallery-2 .gallery-caption {\n\t\t\t\tmargin-left: 0;\n\t\t\t}\n\t\t\t\/* see gallery_shortcode() in wp-includes\/media.php *\/\n\t\t<\/style>\n\t\t<div id='gallery-2' class='gallery galleryid-206 gallery-columns-2 gallery-size-full'><dl class='gallery-item'>\n\t\t\t<dt class='gallery-icon portrait'>\n\t\t\t\t<img loading=\"lazy\" decoding=\"async\" width=\"207\" height=\"310\" src=\"https:\/\/guide-strasbourg.de\/wp-content\/uploads\/2018\/06\/p015_1_03.jpg\" class=\"attachment-full size-full\" alt=\"\" srcset=\"https:\/\/guide-strasbourg.de\/wp-content\/uploads\/2018\/06\/p015_1_03.jpg 207w, https:\/\/guide-strasbourg.de\/wp-content\/uploads\/2018\/06\/p015_1_03-200x300.jpg 200w, https:\/\/guide-strasbourg.de\/wp-content\/uploads\/2018\/06\/p015_1_03-90x135.jpg 90w\" sizes=\"auto, (max-width: 207px) 100vw, 207px\" \/>\n\t\t\t<\/dt><\/dl><dl class='gallery-item'>\n\t\t\t<dt class='gallery-icon landscape'>\n\t\t\t\t<img loading=\"lazy\" decoding=\"async\" width=\"413\" height=\"310\" src=\"https:\/\/guide-strasbourg.de\/wp-content\/uploads\/2018\/06\/loewe-belfort.jpg\" class=\"attachment-full size-full\" alt=\"\" srcset=\"https:\/\/guide-strasbourg.de\/wp-content\/uploads\/2018\/06\/loewe-belfort.jpg 413w, https:\/\/guide-strasbourg.de\/wp-content\/uploads\/2018\/06\/loewe-belfort-300x225.jpg 300w, https:\/\/guide-strasbourg.de\/wp-content\/uploads\/2018\/06\/loewe-belfort-220x165.jpg 220w, https:\/\/guide-strasbourg.de\/wp-content\/uploads\/2018\/06\/loewe-belfort-355x266.jpg 355w, https:\/\/guide-strasbourg.de\/wp-content\/uploads\/2018\/06\/loewe-belfort-90x68.jpg 90w\" sizes=\"auto, (max-width: 413px) 100vw, 413px\" \/>\n\t\t\t<\/dt><\/dl><br style=\"clear: both\" \/>\n\t\t<\/div>\n\n<p>Bartholdis bekanntestes Werk ist die <strong>Freiheitsstatue auf Liberty Island<\/strong>, New Jersey, die urspr\u00fcnglich noch Bartholdi-Statue hie\u00df. Eine Freiheitsstatue findet sich, allerdings in kleinerem Ma\u00dfstab, ebenso noch in Paris und in Colmar, seiner Heimatstadt. Bartholdi ist auch der Sch\u00f6pfer des <strong>L\u00f6wen von Belfort<\/strong>, einer 11 Meter hohen und 22 Meter langen Steinskulptur und Wahrzeichen der Stadt Belfort.<\/p>\n<p>(Textausz\u00fcge von \u00a9 www.wikipedia.org)<\/p>\n","protected":false},"excerpt":{"rendered":"<p>&nbsp; Kurzbeschreibung: Im Geburtshaus von Fr\u00e9d\u00e9ric Auguste Bartholdi befindet sich die bedeutendste Sammlung von seinen Werken. k\u00f6nnen dort Plastiken, Portr\u00e4tb\u00fcsten, Entw\u00fcrfe und Malerei sowie M\u00f6bel aus Familienbesitz und pers\u00f6nliche Erinnerungsst\u00fccke sehen. (Textausz\u00fcge von \u00a9 www.tourisme-colmar.com) Bartholdis bekanntestes Werk ist die &#8230; <a class=\"styledbutton\" href=\"https:\/\/guide-strasbourg.de\/fr\/bartholdi-museum\/\">Read More<\/a><\/p>\n","protected":false},"author":3,"featured_media":0,"parent":0,"menu_order":0,"comment_status":"closed","ping_status":"closed","template":"","meta":{"footnotes":""},"class_list":["post-206","page","type-page","status-publish","hentry"],"translation":{"provider":"WPGlobus","version":"3.0.1","language":"fr","enabled_languages":["de","en","fr","es"],"languages":{"de":{"title":true,"content":true,"excerpt":false},"en":{"title":false,"content":false,"excerpt":false},"fr":{"title":false,"content":false,"excerpt":false},"es":{"title":false,"content":false,"excerpt":false}}},"aioseo_notices":[],"_links":{"self":[{"href":"https:\/\/guide-strasbourg.de\/fr\/wp-json\/wp\/v2\/pages\/206","targetHints":{"allow":["GET"]}}],"collection":[{"href":"https:\/\/guide-strasbourg.de\/fr\/wp-json\/wp\/v2\/pages"}],"about":[{"href":"https:\/\/guide-strasbourg.de\/fr\/wp-json\/wp\/v2\/types\/page"}],"author":[{"embeddable":true,"href":"https:\/\/guide-strasbourg.de\/fr\/wp-json\/wp\/v2\/users\/3"}],"replies":[{"embeddable":true,"href":"https:\/\/guide-strasbourg.de\/fr\/wp-json\/wp\/v2\/comments?post=206"}],"version-history":[{"count":0,"href":"https:\/\/guide-strasbourg.de\/fr\/wp-json\/wp\/v2\/pages\/206\/revisions"}],"wp:attachment":[{"href":"https:\/\/guide-strasbourg.de\/fr\/wp-json\/wp\/v2\/media?parent=206"}],"curies":[{"name":"wp","href":"https:\/\/api.w.org\/{rel}","templated":true}]}}