{"id":250,"date":"2018-10-01T19:10:47","date_gmt":"2018-10-01T17:10:47","guid":{"rendered":"https:\/\/guide-strasbourg.de\/?page_id=250"},"modified":"2023-02-05T19:22:07","modified_gmt":"2023-02-05T18:22:07","slug":"strassburg","status":"publish","type":"page","link":"https:\/\/guide-strasbourg.de\/fr\/strassburg\/","title":{"rendered":"Strasbourg"},"content":{"rendered":"<p><img loading=\"lazy\" decoding=\"async\" class=\"alignnone size-full wp-image-117\" src=\"https:\/\/guide-strasbourg.de\/wp-content\/uploads\/2018\/06\/p001_1_00.jpg\" alt=\"\" width=\"630\" height=\"183\" srcset=\"https:\/\/guide-strasbourg.de\/wp-content\/uploads\/2018\/06\/p001_1_00.jpg 630w, https:\/\/guide-strasbourg.de\/wp-content\/uploads\/2018\/06\/p001_1_00-300x87.jpg 300w, https:\/\/guide-strasbourg.de\/wp-content\/uploads\/2018\/06\/p001_1_00-220x64.jpg 220w, https:\/\/guide-strasbourg.de\/wp-content\/uploads\/2018\/06\/p001_1_00-355x103.jpg 355w, https:\/\/guide-strasbourg.de\/wp-content\/uploads\/2018\/06\/p001_1_00-90x26.jpg 90w\" sizes=\"auto, (max-width: 630px) 100vw, 630px\" \/><\/p>\n<p>Je propose des visites guid\u00e9es dans la ville en fran\u00e7ais, allemand, anglais et espagnol.<br \/>\nLes visites guid\u00e9es peuvent se faire \u00e0 pied, avec vos v\u00e9los, votre propre autocar ou en tram.<\/p>\n<p><strong>Visites guid\u00e9es traditionnelles de Strasbourg<\/strong><\/p>\n<ul>\n<li>La Cath\u00e9drale : horloge astronomique, crypte, vitraux, etc.<\/li>\n<li>La Grande Ile : Maison Kammerzell, Petite France, etc.<\/li>\n<li>Tour panoramique avec votre propre autocar: quartier europ\u00e9en, Neustadt<\/li>\n<\/ul>\n<p><strong>Visites th\u00e9matiques de Strasbourg<\/strong><\/p>\n<ul>\n<li>Strasbourg entre France et Allemagne : cinq changements de nationalit\u00e9<\/li>\n<li>Strasbourg insolite &#8211; Strasbourg hors des sentiers battus<\/li>\n<li>Personnalit\u00e9s : sur les pas de Goethe, d\u2019A. Schweitzer, de Gutenberg, des femmes c\u00e9l\u00e8bres<\/li>\n<li>Quartier europ\u00e9en : Parlement Europ\u00e9en, Conseil de l\u2019Europe, CEDH (visite ext\u00e9rieure)<\/li>\n<li>Quartier de la Krutenau<\/li>\n<li>Quartier de la Neustadt : quartier allemand avec l\u2019Universit\u00e9 (1871-1918)<\/li>\n<li>Parcours m\u00e9moriel sur le juda\u00efsme \u00e0 Strasbourg (mikv\u00e9 du 13\u00e8me si\u00e8cle)<\/li>\n<li>Parcours historique sur le protestantisme \u00e0 Strasbourg<\/li>\n<li>Architecture : Gothique, Renaissance, b\u00e2timents fran\u00e7ais du 18\u00e8me si\u00e8cle, Art Nouveau, Art D\u00e9co<\/li>\n<li>Argentoratum : le Castrum romain<\/li>\n<li>Traditions de Noel : Tapisseries de la Cath\u00e9drale, March\u00e9 de Noel depuis 1570<\/li>\n<li>Nouveau quartier des Deux Rives: Eco-quartier Danube, Presqu\u2019\u00eele Malraux, Coop<\/li>\n<li>Street Art (Pro 176, Dan 23, Missy, Les murs ont des oreilles et autres street artistes)<\/li>\n<\/ul>\n<p><strong>Autres sites remarquables \u00e0 Strasbourg<\/strong><\/p>\n<ul>\n<li>Eglise Saint-Thomas \/ Orgue Silbermann<\/li>\n<li>Cave historique des Hospices de Strasbourg<\/li>\n<li>Eglise protestante Saint-Pierre-le-Jeune<\/li>\n<li>Places embl\u00e9matiques : Place Kl\u00e9ber, Place Broglie<\/li>\n<\/ul>\n<p><strong>Visites guid\u00e9es dans les mus\u00e9es<\/strong><\/p>\n<p>Pour les visites guid\u00e9es dans les mus\u00e9es de Strasbourg<br \/>\net les expositions temporaires, <a href=\"https:\/\/guide-strasbourg.de\/fr\/strassburg-2\/\">cliquez ici<\/a><\/p>\n<p><strong>T\u00e9l\u00e9chargement\u00a0: Plan de Strasbourg<\/strong><br \/>\n(Mis \u00e0 disposition par l\u2019Office de Tourisme de Strasbourg)<\/p>\n<div class=\"ead-preview\"><div class=\"ead-document\" style=\"position: relative;padding-top: 90%;\"><div class=\"ead-iframe-wrapper\"><iframe src=\"\/\/docs.google.com\/viewer?url=https%3A%2F%2Fguide-strasbourg.de%2Fwp-content%2Fuploads%2F2018%2F06%2Fstadtplan_strasbourg.pdf&amp;embedded=true&amp;hl=en\" title=\"Document embarqu\u00e9\" class=\"ead-iframe\" style=\"width: 100%;height: 100%;border: none;position: absolute;left: 0;top: 0;visibility: hidden;\"><\/iframe><\/div>\t\t\t<div class=\"ead-document-loading\" style=\"width:100%;height:100%;position:absolute;left:0;top:0;z-index:10;\">\n\t\t\t\t<div class=\"ead-loading-wrap\">\n\t\t\t\t\t<div class=\"ead-loading-main\">\n\t\t\t\t\t\t<div class=\"ead-loading\">\n\t\t\t\t\t\t\t<img loading=\"lazy\" decoding=\"async\" src=\"https:\/\/guide-strasbourg.de\/wp-content\/plugins\/embed-any-document\/images\/loading.svg\" width=\"55\" height=\"55\" alt=\"Chargeur\">\n\t\t\t\t\t\t\t<span>En cours de chargement&hellip;<\/span>\n\t\t\t\t\t\t<\/div>\n\t\t\t\t\t<\/div>\n\t\t\t\t\t<div class=\"ead-loading-foot\">\n\t\t\t\t\t\t<div class=\"ead-loading-foot-title\">\n\t\t\t\t\t\t\t<img loading=\"lazy\" decoding=\"async\" src=\"https:\/\/guide-strasbourg.de\/wp-content\/plugins\/embed-any-document\/images\/EAD-logo.svg\" alt=\"Logo EAD\" width=\"36\" height=\"23\"\/>\n\t\t\t\t\t\t\t<span>Cela prend trop de temps\u00a0?<\/span>\n\t\t\t\t\t\t<\/div>\n\t\t\t\t\t\t<p>\n\t\t\t\t\t\t\t<div class=\"ead-document-btn ead-reload-btn\" role=\"button\">\n\t\t\t\t\t\t\t\t<img loading=\"lazy\" decoding=\"async\" src=\"https:\/\/guide-strasbourg.de\/wp-content\/plugins\/embed-any-document\/images\/reload.svg\" alt=\"Recharger\" width=\"12\" height=\"12\"\/> Recharger le document\t\t\t\t\t\t\t<\/div>\n\t\t\t\t\t\t\t<span>|<\/span>\n\t\t\t\t\t\t\t<a href=\"https:\/\/guide-strasbourg.de\/wp-content\/uploads\/2018\/06\/stadtplan_strasbourg.pdf\" class=\"ead-document-btn\" target=\"_blank\">\n\t\t\t\t\t\t\t\t<img loading=\"lazy\" decoding=\"async\" src=\"https:\/\/guide-strasbourg.de\/wp-content\/plugins\/embed-any-document\/images\/open.svg\" alt=\"Ouvert\" width=\"12\" height=\"12\"\/> Ouvrir dans un nouvel onglet\t\t\t\t\t\t\t<\/a>\n\t\t\t\t\t<\/div>\n\t\t\t\t<\/div>\n\t\t\t<\/div>\n\t\t<\/div><p class=\"embed_download\"><a href=\"https:\/\/guide-strasbourg.de\/wp-content\/uploads\/2018\/06\/stadtplan_strasbourg.pdf\" download>Download [3.44 MB] <\/a><\/p><\/div>\n","protected":false},"excerpt":{"rendered":"<p>Je propose des visites guid\u00e9es dans la ville en fran\u00e7ais, allemand, anglais et espagnol. Les visites guid\u00e9es peuvent se faire \u00e0 pied, avec vos v\u00e9los, votre propre autocar ou en tram. Visites guid\u00e9es traditionnelles de Strasbourg La Cath\u00e9drale : horloge &#8230; <a class=\"styledbutton\" href=\"https:\/\/guide-strasbourg.de\/fr\/strassburg\/\">Read More<\/a><\/p>\n","protected":false},"author":3,"featured_media":0,"parent":0,"menu_order":0,"comment_status":"closed","ping_status":"closed","template":"","meta":{"footnotes":""},"class_list":["post-250","page","type-page","status-publish","hentry"],"translation":{"provider":"WPGlobus","version":"3.0.1","language":"fr","enabled_languages":["de","en","fr","es"],"languages":{"de":{"title":true,"content":true,"excerpt":false},"en":{"title":true,"content":true,"excerpt":false},"fr":{"title":true,"content":true,"excerpt":false},"es":{"title":true,"content":true,"excerpt":false}}},"aioseo_notices":[],"_links":{"self":[{"href":"https:\/\/guide-strasbourg.de\/fr\/wp-json\/wp\/v2\/pages\/250","targetHints":{"allow":["GET"]}}],"collection":[{"href":"https:\/\/guide-strasbourg.de\/fr\/wp-json\/wp\/v2\/pages"}],"about":[{"href":"https:\/\/guide-strasbourg.de\/fr\/wp-json\/wp\/v2\/types\/page"}],"author":[{"embeddable":true,"href":"https:\/\/guide-strasbourg.de\/fr\/wp-json\/wp\/v2\/users\/3"}],"replies":[{"embeddable":true,"href":"https:\/\/guide-strasbourg.de\/fr\/wp-json\/wp\/v2\/comments?post=250"}],"version-history":[{"count":5,"href":"https:\/\/guide-strasbourg.de\/fr\/wp-json\/wp\/v2\/pages\/250\/revisions"}],"predecessor-version":[{"id":1021,"href":"https:\/\/guide-strasbourg.de\/fr\/wp-json\/wp\/v2\/pages\/250\/revisions\/1021"}],"wp:attachment":[{"href":"https:\/\/guide-strasbourg.de\/fr\/wp-json\/wp\/v2\/media?parent=250"}],"curies":[{"name":"wp","href":"https:\/\/api.w.org\/{rel}","templated":true}]}}