{"id":6,"date":"2016-09-05T17:20:37","date_gmt":"2016-09-05T15:20:37","guid":{"rendered":"http:\/\/guide-strasbourg.de\/?page_id=6"},"modified":"2025-02-17T14:22:42","modified_gmt":"2025-02-17T13:22:42","slug":"startseite","status":"publish","type":"page","link":"https:\/\/guide-strasbourg.de\/fr\/","title":{"rendered":"Pr\u00e9sentation"},"content":{"rendered":"<style type=\"text\/css\">.easingslider-294 { width: 100%; }.easingslider-294 .easingslider-image { max-height: 400px; max-width: 640px; }.easingslider-294 .easingslider-fade-in, .easingslider-fade-out { -webkit-animation-duration: 400ms; -moz-animation-duration: 400ms; animation-duration: 400ms; }<\/style><script type=\"text\/javascript\">window.EasingSlider294 = {\"width\":640,\"height\":400,\"singleItem\":true,\"items\":1,\"itemsDesktop\":false,\"itemsDesktopSmall\":false,\"itemsTablet\":false,\"itemsTabletSmall\":false,\"itemsMobile\":false,\"responsive\":true,\"lazyLoad\":true,\"autoPlay\":4000,\"slideSpeed\":400,\"navigation\":true,\"navigationText\":[\"\",\"\"],\"pagination\":true,\"autoHeight\":false,\"mouseDrag\":false,\"touchDrag\":false,\"addClassActive\":true,\"transitionStyle\":\"fade\"};<\/script><div data-id=\"294\" class=\"easingslider easingslider-294 easingslider-container easingslider-full-width easingslider-resizing-enabled easingslider-aspect-ratio easingslider-arrows-inside easingslider-pagination-inside easingslider-pagination-bottom-center\"><div class=\"easingslider-slide\"><img decoding=\"async\" src=\"https:\/\/guide-strasbourg.de\/wp-content\/plugins\/easing-slider\/assets\/images\/placeholder-pixel.png\" data-src=\"https:\/\/guide-strasbourg.de\/wp-content\/uploads\/2018\/11\/slider01_x1000x500-640x400.jpg\" alt=\"\" title=\"\" class=\"easingslider-image easingslider-lazy\" \/><\/div><div class=\"easingslider-slide\"><img decoding=\"async\" src=\"https:\/\/guide-strasbourg.de\/wp-content\/plugins\/easing-slider\/assets\/images\/placeholder-pixel.png\" data-src=\"https:\/\/guide-strasbourg.de\/wp-content\/uploads\/2018\/11\/slider03_x1000x500-640x400.jpg\" alt=\"\" title=\"\" class=\"easingslider-image easingslider-lazy\" \/><\/div><div class=\"easingslider-slide\"><img decoding=\"async\" src=\"https:\/\/guide-strasbourg.de\/wp-content\/plugins\/easing-slider\/assets\/images\/placeholder-pixel.png\" data-src=\"https:\/\/guide-strasbourg.de\/wp-content\/uploads\/2018\/11\/slider02_x1000x500-640x400.jpg\" alt=\"\" title=\"\" class=\"easingslider-image easingslider-lazy\" \/><\/div><div class=\"easingslider-slide\"><img decoding=\"async\" src=\"https:\/\/guide-strasbourg.de\/wp-content\/plugins\/easing-slider\/assets\/images\/placeholder-pixel.png\" data-src=\"https:\/\/guide-strasbourg.de\/wp-content\/uploads\/2018\/11\/slider04_x1000x500-640x400.jpg\" alt=\"\" title=\"\" class=\"easingslider-image easingslider-lazy\" \/><\/div><div class=\"easingslider-slide\"><img decoding=\"async\" src=\"https:\/\/guide-strasbourg.de\/wp-content\/plugins\/easing-slider\/assets\/images\/placeholder-pixel.png\" data-src=\"https:\/\/guide-strasbourg.de\/wp-content\/uploads\/2018\/11\/slider05_x1000x500-640x400.jpg\" alt=\"\" title=\"\" class=\"easingslider-image easingslider-lazy\" \/><\/div><div class=\"easingslider-slide\"><img decoding=\"async\" src=\"https:\/\/guide-strasbourg.de\/wp-content\/plugins\/easing-slider\/assets\/images\/placeholder-pixel.png\" data-src=\"https:\/\/guide-strasbourg.de\/wp-content\/uploads\/2018\/11\/slider06_x1000x500-640x400.jpg\" alt=\"\" title=\"\" class=\"easingslider-image easingslider-lazy\" \/><\/div><div class=\"easingslider-slide\"><img decoding=\"async\" src=\"https:\/\/guide-strasbourg.de\/wp-content\/plugins\/easing-slider\/assets\/images\/placeholder-pixel.png\" data-src=\"https:\/\/guide-strasbourg.de\/wp-content\/uploads\/2018\/11\/slider07_x1000x500-640x400.jpg\" alt=\"\" title=\"\" class=\"easingslider-image easingslider-lazy\" \/><\/div><\/div>\n<p>&nbsp;<\/p>\n<p>Bonjour, bienvenue,<\/p>\n<p>je m\u2019appelle R\u00e9gine Baumg\u00e4rtner. Je suis Guide Conf\u00e9rencier \/ Interpr\u00e8te National et M\u00e9diateur Culturel.\u00a0 \u00a0 \u00a0 \u00a0 \u00a0 \u00a0 \u00a0 \u00a0 \u00a0 \u00a0 \u00a0 \u00a0 \u00a0 \u00a0 \u00a0 \u00a0 \u00a0 \u00a0 \u00a0 \u00a0 \u00a0 \u00a0 \u00a0 \u00a0 \u00a0 \u00a0 \u00a0 \u00a0 \u00a0 \u00a0 \u00a0 \u00a0 \u00a0 \u00a0 \u00a0 \u00a0 \u00a0 \u00a0 \u00a0 \u00a0 \u00a0 \u00a0 \u00a0 \u00a0 \u00a0 \u00a0 \u00a0 \u00a0 \u00a0 \u00a0 \u00a0 \u00a0 \u00a0 \u00a0 \u00a0 \u00a0 \u00a0 \u00a0 \u00a0 \u00a0 \u00a0 \u00a0 \u00a0 \u00a0 \u00a0 \u00a0 \u00a0 \u00a0 \u00a0 \u00a0 \u00a0 \u00a0 \u00a0 \u00a0 \u00a0 \u00a0 \u00a0 \u00a0 \u00a0 \u00a0 \u00a0 J\u2019exerce en fran\u00e7ais, allemand, espagnol et anglais. Je suis membre:<\/p>\n<p>. du D\u00e9partement Educatif et Culturel des Mus\u00e9es de la ville de Strasbourg<\/p>\n<p>. du D\u00e9partement Architecture et Patrimoine de la ville de Strasbourg \/ 5\u00e8me Lieu<\/p>\n<p>. de l\u00b4Office de Tourisme de Strasbourg et r\u00e9gion.<\/p>\n<p>C\u2019est avec plaisir que je vous guiderai en Alsace, \u00e0 Strasbourg et \u00e0 Colmar. Je vous pr\u00e9senterai bien volontiers les mus\u00e9es de Strasbourg et Colmar ainsi que leurs expositions temporaires.<\/p>\n<p>Pour plus d\u2019informations ou pour r\u00e9server, n\u2019h\u00e9sitez pas \u00e0 me contacter\u00a0:<br \/>\npar mail\u00a0: regine.baumgartner@orange.fr\u00a0ou par t\u00e9l\u00e9phone : +33 (0) 6 84 55 91 55.<\/p>\n<p><strong>Visites guid\u00e9es pour individuels et groupes<\/strong><\/p>\n<p><strong>Visites guid\u00e9es de Strasbourg : Patrimoine Mondial de l&rsquo;Unesco + Ville d&rsquo;art et d&rsquo;histoire<\/strong><\/p>\n<p><img loading=\"lazy\" decoding=\"async\" class=\"alignnone size-full wp-image-289\" src=\"https:\/\/guide-strasbourg.de\/wp-content\/uploads\/2018\/11\/slider03_x1000x500.jpg\" alt=\"\" width=\"1000\" height=\"500\" srcset=\"https:\/\/guide-strasbourg.de\/wp-content\/uploads\/2018\/11\/slider03_x1000x500.jpg 1000w, https:\/\/guide-strasbourg.de\/wp-content\/uploads\/2018\/11\/slider03_x1000x500-300x150.jpg 300w, https:\/\/guide-strasbourg.de\/wp-content\/uploads\/2018\/11\/slider03_x1000x500-768x384.jpg 768w, https:\/\/guide-strasbourg.de\/wp-content\/uploads\/2018\/11\/slider03_x1000x500-220x110.jpg 220w, https:\/\/guide-strasbourg.de\/wp-content\/uploads\/2018\/11\/slider03_x1000x500-355x178.jpg 355w, https:\/\/guide-strasbourg.de\/wp-content\/uploads\/2018\/11\/slider03_x1000x500-730x365.jpg 730w, https:\/\/guide-strasbourg.de\/wp-content\/uploads\/2018\/11\/slider03_x1000x500-90x45.jpg 90w\" sizes=\"auto, (max-width: 1000px) 100vw, 1000px\" \/><\/p>\n<ul>\n<li>Visites guid\u00e9es traditionnelles : Cath\u00e9drale (accr\u00e9ditation officielle pour les visites int\u00e9rieures), Grande Ile, tour panoramique en car, etc.<\/li>\n<li>Visites th\u00e9matiques : quartier europ\u00e9en, quartier de la Neustadt, etc.<\/li>\n<li>Sites remarquables : mikv\u00e9, etc.<\/li>\n<li>Visites guid\u00e9es de mus\u00e9es : mus\u00e9e d&rsquo;Art moderne et contemporain de Strasbourg, mus\u00e9e de l&rsquo;Illustration Tomi Ungerer, etc.<\/li>\n<li>Expositions temporaires : Tomi Ungerer et le dessin de presse satirique en France, Faile, Joyeuses Frictions, etc.<\/li>\n<\/ul>\n<p><a href=\"https:\/\/guide-strasbourg.de\/fr\/strassburg\/\">En savoir plus \u2026<\/a><\/p>\n<p><strong>Visites guid\u00e9es de Colmar<\/strong><\/p>\n<p><img loading=\"lazy\" decoding=\"async\" class=\"alignnone size-full wp-image-293\" src=\"https:\/\/guide-strasbourg.de\/wp-content\/uploads\/2018\/11\/slider07_x1000x500.jpg\" alt=\"\" width=\"1000\" height=\"500\" srcset=\"https:\/\/guide-strasbourg.de\/wp-content\/uploads\/2018\/11\/slider07_x1000x500.jpg 1000w, https:\/\/guide-strasbourg.de\/wp-content\/uploads\/2018\/11\/slider07_x1000x500-300x150.jpg 300w, https:\/\/guide-strasbourg.de\/wp-content\/uploads\/2018\/11\/slider07_x1000x500-768x384.jpg 768w, https:\/\/guide-strasbourg.de\/wp-content\/uploads\/2018\/11\/slider07_x1000x500-220x110.jpg 220w, https:\/\/guide-strasbourg.de\/wp-content\/uploads\/2018\/11\/slider07_x1000x500-355x178.jpg 355w, https:\/\/guide-strasbourg.de\/wp-content\/uploads\/2018\/11\/slider07_x1000x500-730x365.jpg 730w, https:\/\/guide-strasbourg.de\/wp-content\/uploads\/2018\/11\/slider07_x1000x500-90x45.jpg 90w\" sizes=\"auto, (max-width: 1000px) 100vw, 1000px\" \/><\/p>\n<ul>\n<li>Visites guid\u00e9es traditionnelles : Vieille Ville, Petite Venise, etc.<\/li>\n<li>\u0152uvres remarquables : Retable d\u2019Issenheim, La Vierge au buisson de roses, etc.<\/li>\n<li>Visites guid\u00e9es de mus\u00e9es : Mus\u00e9e Unterlinden, Mus\u00e9e Bartholdi, \u00c9glise des Dominicains, etc.<\/li>\n<\/ul>\n<p><a href=\"https:\/\/guide-strasbourg.de\/fr\/colmar\/\">En savoir plus \u2026<\/a><\/p>\n<p><strong>Visites guid\u00e9es en Alsace<\/strong><\/p>\n<ul>\n<li>Excursions d\u2019une demi-journ\u00e9e : Mont Saint-Odile, Obernai, Haut-Koenigsbourg, etc.<\/li>\n<li>Excursions d\u2019une journ\u00e9e : Route des Vins, Route Romane, etc.<\/li>\n<\/ul>\n<p><a href=\"https:\/\/guide-strasbourg.de\/fr\/elsass\/\">En savoir plus \u2026<\/a><\/p>\n<p>N\u2019h\u00e9sitez pas \u00e0 me <a href=\"https:\/\/guide-strasbourg.de\/fr\/kontakt\/\">contacter<\/a>.<\/p>\n<p>Bien cordialement,<\/p>\n<p><strong>R\u00e9gine Baumg\u00e4rtner<\/strong><\/p>\n","protected":false},"excerpt":{"rendered":"<p>&nbsp; Bonjour, bienvenue, je m\u2019appelle R\u00e9gine Baumg\u00e4rtner. Je suis Guide Conf\u00e9rencier \/ Interpr\u00e8te National et M\u00e9diateur Culturel.\u00a0 \u00a0 \u00a0 \u00a0 \u00a0 \u00a0 \u00a0 \u00a0 \u00a0 \u00a0 \u00a0 \u00a0 \u00a0 \u00a0 \u00a0 \u00a0 \u00a0 \u00a0 \u00a0 \u00a0 \u00a0 \u00a0 \u00a0 \u00a0 &#8230; <a class=\"styledbutton\" href=\"https:\/\/guide-strasbourg.de\/fr\/\">Read More<\/a><\/p>\n","protected":false},"author":3,"featured_media":0,"parent":0,"menu_order":0,"comment_status":"closed","ping_status":"closed","template":"","meta":{"footnotes":""},"class_list":["post-6","page","type-page","status-publish","hentry"],"translation":{"provider":"WPGlobus","version":"3.0.1","language":"fr","enabled_languages":["de","en","fr","es"],"languages":{"de":{"title":true,"content":true,"excerpt":false},"en":{"title":true,"content":true,"excerpt":false},"fr":{"title":true,"content":true,"excerpt":false},"es":{"title":true,"content":true,"excerpt":false}}},"aioseo_notices":[],"_links":{"self":[{"href":"https:\/\/guide-strasbourg.de\/fr\/wp-json\/wp\/v2\/pages\/6","targetHints":{"allow":["GET"]}}],"collection":[{"href":"https:\/\/guide-strasbourg.de\/fr\/wp-json\/wp\/v2\/pages"}],"about":[{"href":"https:\/\/guide-strasbourg.de\/fr\/wp-json\/wp\/v2\/types\/page"}],"author":[{"embeddable":true,"href":"https:\/\/guide-strasbourg.de\/fr\/wp-json\/wp\/v2\/users\/3"}],"replies":[{"embeddable":true,"href":"https:\/\/guide-strasbourg.de\/fr\/wp-json\/wp\/v2\/comments?post=6"}],"version-history":[{"count":5,"href":"https:\/\/guide-strasbourg.de\/fr\/wp-json\/wp\/v2\/pages\/6\/revisions"}],"predecessor-version":[{"id":1053,"href":"https:\/\/guide-strasbourg.de\/fr\/wp-json\/wp\/v2\/pages\/6\/revisions\/1053"}],"wp:attachment":[{"href":"https:\/\/guide-strasbourg.de\/fr\/wp-json\/wp\/v2\/media?parent=6"}],"curies":[{"name":"wp","href":"https:\/\/api.w.org\/{rel}","templated":true}]}}